{"id":5466,"date":"2023-10-05T09:23:15","date_gmt":"2023-10-05T06:23:15","guid":{"rendered":"https:\/\/ones.com.tr\/?page_id=5466"},"modified":"2024-10-07T16:21:12","modified_gmt":"2024-10-07T13:21:12","slug":"politikalarimiz","status":"publish","type":"page","link":"https:\/\/ones.com.tr\/tr\/politikalarimiz\/","title":{"rendered":"Politikalar\u0131m\u0131z"},"content":{"rendered":"\t\t<div data-elementor-type=\"wp-page\" data-elementor-id=\"5466\" class=\"elementor elementor-5466\">\n\t\t\t\t<div class=\"elementor-element elementor-element-6b828b0 e-con-full e-flex e-con e-parent\" data-id=\"6b828b0\" data-element_type=\"container\" data-e-type=\"container\" data-settings=\"{&quot;background_background&quot;:&quot;classic&quot;}\">\n\t\t<div class=\"elementor-element elementor-element-8022773 e-con-full e-flex e-con e-child\" data-id=\"8022773\" data-element_type=\"container\" data-e-type=\"container\">\n\t\t\t\t<div class=\"elementor-element elementor-element-e5c29c1 elementor-widget elementor-widget-heading\" data-id=\"e5c29c1\" data-element_type=\"widget\" data-e-type=\"widget\" data-widget_type=\"heading.default\">\n\t\t\t\t<div class=\"elementor-widget-container\">\n\t\t\t\t\t<h2 class=\"elementor-heading-title elementor-size-default\">Politikalar\u0131m\u0131z<\/h2>\t\t\t\t<\/div>\n\t\t\t\t<\/div>\n\t\t\t\t<div class=\"elementor-element elementor-element-6a2e161 elementor-widget elementor-widget-text-editor\" data-id=\"6a2e161\" data-element_type=\"widget\" data-e-type=\"widget\" data-widget_type=\"text-editor.default\">\n\t\t\t\t<div class=\"elementor-widget-container\">\n\t\t\t\t\t\t\t\t\t<p style=\"text-align: center;\">Ones Technology&#8217;nin yeni de\u011ferler yaratmak ve geli\u015ftirmek i\u00e7in benimsedi\u011fi ilkelere daha yak\u0131ndan bak\u0131n.<\/p>\t\t\t\t\t\t\t\t<\/div>\n\t\t\t\t<\/div>\n\t\t\t\t<\/div>\n\t\t\t\t<\/div>\n\t\t<div class=\"elementor-element elementor-element-ace8ead e-flex e-con-boxed e-con e-parent\" data-id=\"ace8ead\" data-element_type=\"container\" data-e-type=\"container\">\n\t\t\t\t\t<div class=\"e-con-inner\">\n\t\t<div class=\"elementor-element elementor-element-f9ff01f e-con-full e-flex e-con e-child\" data-id=\"f9ff01f\" data-element_type=\"container\" data-e-type=\"container\">\n\t\t\t\t<div class=\"elementor-element elementor-element-6cb9927 elementor-widget elementor-widget-image\" data-id=\"6cb9927\" data-element_type=\"widget\" data-e-type=\"widget\" data-widget_type=\"image.default\">\n\t\t\t\t<div class=\"elementor-widget-container\">\n\t\t\t\t\t\t\t\t\t\t\t\t\t\t\t<img loading=\"lazy\" decoding=\"async\" loading=\"lazy\" width=\"570\" height=\"487\" src=\"https:\/\/ones.com.tr\/wp-content\/uploads\/Ones-Technology-Corporate-Values-New-Idea.webp\" class=\"attachment-full size-full wp-image-5451\" alt=\"\" srcset=\"https:\/\/ones.com.tr\/wp-content\/uploads\/Ones-Technology-Corporate-Values-New-Idea.webp 570w, https:\/\/ones.com.tr\/wp-content\/uploads\/Ones-Technology-Corporate-Values-New-Idea-300x256.webp 300w\" sizes=\"auto, (max-width: 570px) 100vw, 570px\" \/>\t\t\t\t\t\t\t\t\t\t\t\t\t\t\t<\/div>\n\t\t\t\t<\/div>\n\t\t\t\t<\/div>\n\t\t<div class=\"elementor-element elementor-element-7016bdc e-con-full e-flex e-con e-child\" data-id=\"7016bdc\" data-element_type=\"container\" data-e-type=\"container\">\n\t\t\t\t<div class=\"elementor-element elementor-element-f9e4bdc elementor-widget elementor-widget-heading\" data-id=\"f9e4bdc\" data-element_type=\"widget\" data-e-type=\"widget\" data-widget_type=\"heading.default\">\n\t\t\t\t<div class=\"elementor-widget-container\">\n\t\t\t\t\t<h2 class=\"elementor-heading-title elementor-size-default\">Kalite Politikas\u0131<\/h2>\t\t\t\t<\/div>\n\t\t\t\t<\/div>\n\t\t\t\t<div class=\"elementor-element elementor-element-bcb3da6 elementor-widget elementor-widget-text-editor\" data-id=\"bcb3da6\" data-element_type=\"widget\" data-e-type=\"widget\" data-widget_type=\"text-editor.default\">\n\t\t\t\t<div class=\"elementor-widget-container\">\n\t\t\t\t\t\t\t\t\t<p>2008 y\u0131l\u0131nda kuruldu\u011fu g\u00fcnden bu yana \u201cBiyometrik ve G\u00fcvenlik \u00c7\u00f6z\u00fcmleri\u201d alan\u0131nda Ar-Ge faaliyetleri y\u00fcr\u00fcten ve sekt\u00f6r\u00fcnde lider konumuna gelen Ones Technology, kalite politikas\u0131n\u0131n belirlenmesi, s\u00fcrd\u00fcr\u00fclebilirli\u011fi ve geli\u015ftirilmesi \u00e7al\u0131\u015fmalar\u0131n\u0131 \u00dcst Y\u00f6netim sorumlulu\u011funda s\u00fcrekli olarak y\u00fcr\u00fct\u00fcr.<\/p><p>Bu kapsamda<strong>\u00a0TS EN ISO 9001 Kalite Y\u00f6netim Standard\u0131<\/strong>\u2019na uygun \u015fekilde hareket edilir. Standard\u0131n geli\u015fimine s\u00fcrekli katk\u0131 sa\u011flan\u0131r. G\u00fc\u00e7l\u00fc Ar-Ge ekibi, bili\u015fim ve \u00fcretim altyap\u0131s\u0131 sayesinde \u00e7a\u011fda\u015f teknoloji s\u00fcrekli takip edilir.<\/p><p>M\u00fc\u015fteri memnuniyetini en \u00fcst d\u00fczeyde tutmak ad\u0131na, sunulan hizmetlerde ve y\u00f6netim faaliyetlerinde kaliteden \u00f6d\u00fcn verilmez. Ulusal ve uluslararas\u0131 standartlar ile mevzuatlara uyum konusunda \u00f6zen g\u00f6sterilir.<\/p><p>\u00c7al\u0131\u015fanlar\u0131n geli\u015fimini destekleyen s\u00fcrekli e\u011fitim programlar\u0131 ile \u00e7al\u0131\u015fan memnuniyeti, ba\u011fl\u0131l\u0131\u011f\u0131 ve motivasyonu y\u00fcksek tutulur. Ayn\u0131 zamanda, sosyal sorumluluk bilinciyle \u00fclkemize ve d\u00fcnyaya sa\u011flanan katk\u0131 oran\u0131n\u0131 art\u0131rmay\u0131 ama\u00e7lar.<\/p><p>\u015eirketin kalite hedefleri d\u00fczenli olarak g\u00f6zden ge\u00e7irilir, performans de\u011ferlendirilir ve d\u00fczeltici faaliyetlerle kontrol alt\u0131nda tutulur.<\/p><p>Yerli ve milli teknolojiye \u00f6nem veren Ones Technology, bu alandaki oran\u0131n\u0131 art\u0131rarak sekt\u00f6rdeki liderli\u011fini korumay\u0131 hedefler.<\/p>\t\t\t\t\t\t\t\t<\/div>\n\t\t\t\t<\/div>\n\t\t\t\t<\/div>\n\t\t\t\t\t<\/div>\n\t\t\t\t<\/div>\n\t\t<div class=\"elementor-element elementor-element-9113fc4 e-flex e-con-boxed e-con e-parent\" data-id=\"9113fc4\" data-element_type=\"container\" data-e-type=\"container\">\n\t\t\t\t\t<div class=\"e-con-inner\">\n\t\t<div class=\"elementor-element elementor-element-5b5b7f8 e-con-full e-flex e-con e-child\" data-id=\"5b5b7f8\" data-element_type=\"container\" data-e-type=\"container\">\n\t\t\t\t<div class=\"elementor-element elementor-element-b93be0e elementor-widget elementor-widget-heading\" data-id=\"b93be0e\" data-element_type=\"widget\" data-e-type=\"widget\" data-widget_type=\"heading.default\">\n\t\t\t\t<div class=\"elementor-widget-container\">\n\t\t\t\t\t<h2 class=\"elementor-heading-title elementor-size-default\">\u0130\u015f Sa\u011fl\u0131\u011f\u0131 ve G\u00fcvenli\u011fi Politikas\u0131<\/h2>\t\t\t\t<\/div>\n\t\t\t\t<\/div>\n\t\t\t\t<div class=\"elementor-element elementor-element-aa45529 elementor-widget elementor-widget-text-editor\" data-id=\"aa45529\" data-element_type=\"widget\" data-e-type=\"widget\" data-widget_type=\"text-editor.default\">\n\t\t\t\t<div class=\"elementor-widget-container\">\n\t\t\t\t\t\t\t\t\t<p>Ones Technology b\u00fcnyesinde mevcut ve olu\u015fturulacak t\u00fcm faaliyetlere ili\u015fkin i\u015f sa\u011fl\u0131\u011f\u0131 ve g\u00fcvenli\u011fini sa\u011flamak amac\u0131yla, <strong>ISO 45001 \u0130\u015f Sa\u011fl\u0131\u011f\u0131 ve G\u00fcvenli\u011fi Standard\u0131<\/strong>&#8216;na uygun \u015fekilde hareket edilir. \u0130lke ve politikalar, \u00dcst Y\u00f6netim taraf\u0131ndan belirlenir.<\/p><p>Belirlenen ilke ve politikalar\u0131n s\u00fcrd\u00fcr\u00fclebilirli\u011fi ve s\u00fcrekli iyile\u015ftirilmesi, yine \u00dcst Y\u00f6netim\u2019in deste\u011fi ile sa\u011flan\u0131r.<\/p><p>Ar-Ge ve \u00fcretim faaliyetlerinin t\u00fcm a\u015famalar\u0131n\u0131n, sa\u011fl\u0131kl\u0131 ve g\u00fcvenli bir \u00e7al\u0131\u015fma ortam\u0131nda ger\u00e7ekle\u015ftirilmesi temel hedefimizdir. Bu do\u011frultuda, sa\u011fl\u0131kl\u0131 bireyler ve g\u00fc\u00e7l\u00fc bir i\u015f g\u00fcc\u00fc olu\u015fturma sorumlulu\u011fu ile hareket edilir.<\/p><p>Tehlikeleri ortadan kald\u0131rmak i\u00e7in \u00e7evreye duyarl\u0131, i\u015f sa\u011fl\u0131\u011f\u0131 ve g\u00fcvenli\u011fini \u00f6n planda tutan bir anlay\u0131\u015fla faaliyetler s\u00fcrd\u00fcr\u00fcl\u00fcr.<\/p><p>\u0130\u015f sa\u011fl\u0131\u011f\u0131 ve g\u00fcvenli\u011fi risklerini azaltmak ve \u00e7al\u0131\u015fanlar\u0131n, \u00e7al\u0131\u015fan temsilcilerinin kat\u0131l\u0131m\u0131n\u0131 sa\u011flamak amac\u0131yla gerekli t\u00fcm \u00f6nlemler ve faaliyetler hayata ge\u00e7irilir.<\/p>\t\t\t\t\t\t\t\t<\/div>\n\t\t\t\t<\/div>\n\t\t\t\t<\/div>\n\t\t<div class=\"elementor-element elementor-element-dc07139 e-con-full e-flex e-con e-child\" data-id=\"dc07139\" data-element_type=\"container\" data-e-type=\"container\">\n\t\t\t\t<div class=\"elementor-element elementor-element-1fa80ad elementor-widget elementor-widget-image\" data-id=\"1fa80ad\" data-element_type=\"widget\" data-e-type=\"widget\" data-widget_type=\"image.default\">\n\t\t\t\t<div class=\"elementor-widget-container\">\n\t\t\t\t\t\t\t\t\t\t\t\t\t\t\t<img loading=\"lazy\" decoding=\"async\" loading=\"lazy\" width=\"570\" height=\"487\" src=\"https:\/\/ones.com.tr\/wp-content\/uploads\/Ones-Technology-Corporate-About-Value-Safety.webp\" class=\"attachment-full size-full wp-image-5481\" alt=\"\" srcset=\"https:\/\/ones.com.tr\/wp-content\/uploads\/Ones-Technology-Corporate-About-Value-Safety.webp 570w, https:\/\/ones.com.tr\/wp-content\/uploads\/Ones-Technology-Corporate-About-Value-Safety-300x256.webp 300w\" sizes=\"auto, (max-width: 570px) 100vw, 570px\" \/>\t\t\t\t\t\t\t\t\t\t\t\t\t\t\t<\/div>\n\t\t\t\t<\/div>\n\t\t\t\t<\/div>\n\t\t\t\t\t<\/div>\n\t\t\t\t<\/div>\n\t\t<div class=\"elementor-element elementor-element-3c535d6 e-flex e-con-boxed e-con e-parent\" data-id=\"3c535d6\" data-element_type=\"container\" data-e-type=\"container\">\n\t\t\t\t\t<div class=\"e-con-inner\">\n\t\t<div class=\"elementor-element elementor-element-af529e3 e-con-full e-flex e-con e-child\" data-id=\"af529e3\" data-element_type=\"container\" data-e-type=\"container\">\n\t\t\t\t<div class=\"elementor-element elementor-element-9a6ab61 elementor-widget elementor-widget-image\" data-id=\"9a6ab61\" data-element_type=\"widget\" data-e-type=\"widget\" data-widget_type=\"image.default\">\n\t\t\t\t<div class=\"elementor-widget-container\">\n\t\t\t\t\t\t\t\t\t\t\t\t\t\t\t<img loading=\"lazy\" decoding=\"async\" loading=\"lazy\" width=\"570\" height=\"487\" src=\"https:\/\/ones.com.tr\/wp-content\/uploads\/Ones-Technology-Corporate-Values-Source.webp\" class=\"attachment-large size-large wp-image-5457\" alt=\"\" srcset=\"https:\/\/ones.com.tr\/wp-content\/uploads\/Ones-Technology-Corporate-Values-Source.webp 570w, https:\/\/ones.com.tr\/wp-content\/uploads\/Ones-Technology-Corporate-Values-Source-300x256.webp 300w\" sizes=\"auto, (max-width: 570px) 100vw, 570px\" \/>\t\t\t\t\t\t\t\t\t\t\t\t\t\t\t<\/div>\n\t\t\t\t<\/div>\n\t\t\t\t<\/div>\n\t\t<div class=\"elementor-element elementor-element-e47e0ba e-con-full e-flex e-con e-child\" data-id=\"e47e0ba\" data-element_type=\"container\" data-e-type=\"container\">\n\t\t\t\t<div class=\"elementor-element elementor-element-0f4366e elementor-widget elementor-widget-heading\" data-id=\"0f4366e\" data-element_type=\"widget\" data-e-type=\"widget\" data-widget_type=\"heading.default\">\n\t\t\t\t<div class=\"elementor-widget-container\">\n\t\t\t\t\t<h2 class=\"elementor-heading-title elementor-size-default\">Bilgi G\u00fcvenli\u011fi Politikas\u0131<\/h2>\t\t\t\t<\/div>\n\t\t\t\t<\/div>\n\t\t\t\t<div class=\"elementor-element elementor-element-efa71e0 elementor-widget elementor-widget-text-editor\" data-id=\"efa71e0\" data-element_type=\"widget\" data-e-type=\"widget\" data-widget_type=\"text-editor.default\">\n\t\t\t\t<div class=\"elementor-widget-container\">\n\t\t\t\t\t\t\t\t\t<p>Ones Technology, bilgi g\u00fcvenli\u011fi politikas\u0131 gere\u011fince, geli\u015ftirdi\u011fi t\u00fcm \u00fcr\u00fcn ve hizmetlerin g\u00fcvenli\u011fini sa\u011flamak, bu sistemlere y\u00f6nelik potansiyel tehditleri tespit etmek ve \u00f6nlemek i\u00e7in gerekli t\u00fcm g\u00fcvenlik \u00f6nlemlerini almay\u0131 taahh\u00fct eder. T\u00fcm sistemini, <strong>TS EN ISO\/IEC 27001 Bilgi G\u00fcvenli\u011fi Y\u00f6netim Sistemi<\/strong> <strong>Standard\u0131<\/strong>&#8216;n\u0131n gerekliliklerini kar\u015f\u0131layacak \u015fekilde dok\u00fcmante etmeyi, belgelendirmeyi ve s\u00fcrekli iyile\u015ftirmeyi ama\u00e7lar. \u015eirketimiz, bilgi g\u00fcvenli\u011fi ile ilgili t\u00fcm yasal mevzuat ve s\u00f6zle\u015fmelere tam uyum g\u00f6sterirken \u00e7al\u0131\u015fanlar\u0131n, payda\u015flar\u0131n ve i\u015f ortaklar\u0131n\u0131n bilgi g\u00fcvenli\u011fi fark\u0131ndal\u0131\u011f\u0131n\u0131 art\u0131rmay\u0131 hedefler.<\/p><p>Ones Technology, kendisine, m\u00fc\u015fterilerine, tedarik\u00e7ilerine ve i\u015f ortaklar\u0131na ait t\u00fcm bilgi varl\u0131klar\u0131n\u0131n gizlilik, b\u00fct\u00fcnl\u00fck ve eri\u015filebilirlik risklerinin fark\u0131nda olarak bu riskleri etkin bir \u015fekilde y\u00f6netir. Bilgi g\u00fcvenli\u011fi y\u00f6netimi i\u00e7in gerekli kaynaklar\u0131 tahsis eder, ilgili rol ve sorumluluklar\u0131n net bir \u015fekilde atanmas\u0131n\u0131 sa\u011flar. S\u00fcrekli geli\u015fen ve iyile\u015fen bir bilgi g\u00fcvenli\u011fi altyap\u0131s\u0131 olu\u015fturmak i\u00e7in \u00f6zveri ile \u00e7al\u0131\u015f\u0131rken, yeni risklerin olu\u015fmas\u0131na izin vermemeye \u00f6zen g\u00f6sterir. \u00dcr\u00fcn ve hizmetlerde kullan\u0131lan yaz\u0131l\u0131m ve donan\u0131mlar\u0131n g\u00fcvenli\u011fini sa\u011flamak amac\u0131yla d\u00fczenli g\u00fcncellemeler yapar ve entegrasyon s\u00fcre\u00e7lerini g\u00fcvenli bir \u015fekilde y\u00f6netir.<\/p><p>M\u00fc\u015fteri memnuniyetini en \u00fcst d\u00fczeyde tutmay\u0131 ve onlar\u0131n ihtiya\u00e7 ve beklentilerini kar\u015f\u0131lamay\u0131 hedefleyerek, sundu\u011fu t\u00fcm \u00fcr\u00fcn ve hizmetlerde s\u00fcrekli iyile\u015ftirmeyi temel prensip olarak benimser.<\/p>\t\t\t\t\t\t\t\t<\/div>\n\t\t\t\t<\/div>\n\t\t\t\t<\/div>\n\t\t\t\t\t<\/div>\n\t\t\t\t<\/div>\n\t\t<div class=\"elementor-element elementor-element-9b2da10 e-flex e-con-boxed e-con e-parent\" data-id=\"9b2da10\" data-element_type=\"container\" data-e-type=\"container\">\n\t\t\t\t\t<div class=\"e-con-inner\">\n\t\t<div class=\"elementor-element elementor-element-14168a8 e-con-full e-flex e-con e-child\" data-id=\"14168a8\" data-element_type=\"container\" data-e-type=\"container\">\n\t\t\t\t<div class=\"elementor-element elementor-element-62873a3 elementor-widget elementor-widget-heading\" data-id=\"62873a3\" data-element_type=\"widget\" data-e-type=\"widget\" data-widget_type=\"heading.default\">\n\t\t\t\t<div class=\"elementor-widget-container\">\n\t\t\t\t\t<h2 class=\"elementor-heading-title elementor-size-default\">M\u00fc\u015fteri Memnuniyeti Politikas\u0131<\/h2>\t\t\t\t<\/div>\n\t\t\t\t<\/div>\n\t\t\t\t<div class=\"elementor-element elementor-element-d0a7e94 elementor-widget elementor-widget-text-editor\" data-id=\"d0a7e94\" data-element_type=\"widget\" data-e-type=\"widget\" data-widget_type=\"text-editor.default\">\n\t\t\t\t<div class=\"elementor-widget-container\">\n\t\t\t\t\t\t\t\t\t<p>Ones Technology m\u00fc\u015fteri memnuniyeti odakl\u0131 yakla\u015f\u0131m\u0131nda,<strong> ISO 10002<\/strong> <strong>M\u00fc\u015fteri Memnuniyeti Y\u00f6netim Sistemi Standard\u0131<\/strong>\u2019n\u0131 benimser. Bu standart \u00e7er\u00e7evesinde, m\u00fc\u015fteri \u015fikayetlerini ele alma s\u00fcrecini s\u00fcrekli olarak iyile\u015ftirir ve m\u00fc\u015fteri taleplerini en h\u0131zl\u0131, \u015feffaf ve objektif \u015fekilde de\u011ferlendirir.<\/p><p>Ba\u015fvurular \u015firket politikalar\u0131, yasal ve di\u011fer gereklilikler ile organizasyonel, finansal ve operasyonel taahh\u00fctler \u00e7er\u00e7evesinde m\u00fc\u015fteri odakl\u0131 \u00e7\u00f6z\u00fcmler sunularak sonu\u00e7land\u0131r\u0131l\u0131r.<\/p><p>M\u00fc\u015fterilerin ki\u015fisel bilgilerinin g\u00fcvenli\u011fi \u00f6n planda tutulur. Bu bilgiler, 6698 say\u0131l\u0131 Ki\u015fisel Verilerin Korunmas\u0131 Kanunu kapsam\u0131nda yaln\u0131zca ba\u015fvuru amac\u0131 do\u011frultusunda kullan\u0131l\u0131r ve ba\u015fka ama\u00e7larla payla\u015f\u0131lmaz.<\/p><p>M\u00fc\u015fteri, \u00e7al\u0131\u015fan ve di\u011fer ilgili taraflardan gelen bildirimler, talepler ve beklentiler t\u00fcm i\u015f s\u00fcre\u00e7lerine entegre edilir. M\u00fc\u015fteri memnuniyetini en \u00fcst d\u00fczeyde tutmak, onlar\u0131n ihtiya\u00e7lar\u0131n\u0131 ve beklentilerini kar\u015f\u0131lamak i\u00e7in sunulan t\u00fcm \u00fcr\u00fcn ve hizmetlerde s\u00fcrekli iyile\u015ftirme sa\u011flanmas\u0131 taahh\u00fct edilir.<\/p>\t\t\t\t\t\t\t\t<\/div>\n\t\t\t\t<\/div>\n\t\t\t\t<\/div>\n\t\t<div class=\"elementor-element elementor-element-3889d09 e-con-full e-flex e-con e-child\" data-id=\"3889d09\" data-element_type=\"container\" data-e-type=\"container\">\n\t\t\t\t<div class=\"elementor-element elementor-element-6873879 elementor-widget elementor-widget-image\" data-id=\"6873879\" data-element_type=\"widget\" data-e-type=\"widget\" data-widget_type=\"image.default\">\n\t\t\t\t<div class=\"elementor-widget-container\">\n\t\t\t\t\t\t\t\t\t\t\t\t\t\t\t<img loading=\"lazy\" decoding=\"async\" loading=\"lazy\" width=\"570\" height=\"487\" src=\"https:\/\/ones.com.tr\/wp-content\/uploads\/Ones-Technology-Our-Policies-Customer-Satisfaction.webp\" class=\"attachment-large size-large wp-image-19136\" alt=\"Ones Technology&#039;nin M\u00fc\u015fteri Memnuniyeti\" srcset=\"https:\/\/ones.com.tr\/wp-content\/uploads\/Ones-Technology-Our-Policies-Customer-Satisfaction.webp 570w, https:\/\/ones.com.tr\/wp-content\/uploads\/Ones-Technology-Our-Policies-Customer-Satisfaction-300x256.webp 300w\" sizes=\"auto, (max-width: 570px) 100vw, 570px\" \/>\t\t\t\t\t\t\t\t\t\t\t\t\t\t\t<\/div>\n\t\t\t\t<\/div>\n\t\t\t\t<\/div>\n\t\t\t\t\t<\/div>\n\t\t\t\t<\/div>\n\t\t\t\t<\/div>\n\t\t","protected":false},"excerpt":{"rendered":"<p>Ones Technology&#8217;nin yeni de\u011ferler yaratmak ve s\u00fcrd\u00fcrmek i\u00e7in benimsedi\u011fi politikalar\u0131 inceleyin<\/p>\n","protected":false},"author":1,"featured_media":0,"parent":0,"menu_order":0,"comment_status":"closed","ping_status":"closed","template":"elementor_header_footer","meta":{"_acf_changed":false,"nf_dc_page":"","footnotes":""},"class_list":["post-5466","page","type-page","status-publish","hentry","no-post-thumbnail"],"acf":[],"_links":{"self":[{"href":"https:\/\/ones.com.tr\/tr\/wp-json\/wp\/v2\/pages\/5466","targetHints":{"allow":["GET"]}}],"collection":[{"href":"https:\/\/ones.com.tr\/tr\/wp-json\/wp\/v2\/pages"}],"about":[{"href":"https:\/\/ones.com.tr\/tr\/wp-json\/wp\/v2\/types\/page"}],"author":[{"embeddable":true,"href":"https:\/\/ones.com.tr\/tr\/wp-json\/wp\/v2\/users\/1"}],"replies":[{"embeddable":true,"href":"https:\/\/ones.com.tr\/tr\/wp-json\/wp\/v2\/comments?post=5466"}],"version-history":[{"count":0,"href":"https:\/\/ones.com.tr\/tr\/wp-json\/wp\/v2\/pages\/5466\/revisions"}],"wp:attachment":[{"href":"https:\/\/ones.com.tr\/tr\/wp-json\/wp\/v2\/media?parent=5466"}],"curies":[{"name":"wp","href":"https:\/\/api.w.org\/{rel}","templated":true}]}}