{"id":5447,"date":"2023-10-04T17:16:46","date_gmt":"2023-10-04T14:16:46","guid":{"rendered":"https:\/\/ones.com.tr\/?page_id=5447"},"modified":"2024-09-20T00:11:05","modified_gmt":"2024-09-19T21:11:05","slug":"degerlerimiz","status":"publish","type":"page","link":"https:\/\/ones.com.tr\/tr\/degerlerimiz\/","title":{"rendered":"De\u011ferlerimiz"},"content":{"rendered":"\t\t<div data-elementor-type=\"wp-page\" data-elementor-id=\"5447\" class=\"elementor elementor-5447\">\n\t\t\t\t<div class=\"elementor-element elementor-element-22dc0bd e-con-full e-flex e-con e-parent\" data-id=\"22dc0bd\" data-element_type=\"container\" data-e-type=\"container\" data-settings=\"{&quot;background_background&quot;:&quot;classic&quot;}\">\n\t\t<div class=\"elementor-element elementor-element-9b86136 e-flex e-con-boxed e-con e-child\" data-id=\"9b86136\" data-element_type=\"container\" data-e-type=\"container\">\n\t\t\t\t\t<div class=\"e-con-inner\">\n\t\t\t\t<div class=\"elementor-element elementor-element-9633485 elementor-widget elementor-widget-heading\" data-id=\"9633485\" data-element_type=\"widget\" data-e-type=\"widget\" data-widget_type=\"heading.default\">\n\t\t\t\t<div class=\"elementor-widget-container\">\n\t\t\t\t\t<h2 class=\"elementor-heading-title elementor-size-default\">De\u011ferlerimiz<\/h2>\t\t\t\t<\/div>\n\t\t\t\t<\/div>\n\t\t\t\t<div class=\"elementor-element elementor-element-a33c3c2 elementor-widget elementor-widget-heading\" data-id=\"a33c3c2\" data-element_type=\"widget\" data-e-type=\"widget\" data-widget_type=\"heading.default\">\n\t\t\t\t<div class=\"elementor-widget-container\">\n\t\t\t\t\t<h2 class=\"elementor-heading-title elementor-size-default\">Edindi\u011fimiz bilgilerle geli\u015ftirdi\u011fimiz teknolojilerin daha h\u0131zl\u0131, daha g\u00fcvenli ve daha kal\u0131c\u0131 olmas\u0131 i\u00e7in s\u00fcrekli \u00e7al\u0131\u015f\u0131yoruz.<br>\nOnes Technology bir g\u00fcvenlik \u015firketidir.<\/h2>\t\t\t\t<\/div>\n\t\t\t\t<\/div>\n\t\t\t\t\t<\/div>\n\t\t\t\t<\/div>\n\t\t\t\t<\/div>\n\t\t<div class=\"elementor-element elementor-element-99c6cca e-flex e-con-boxed e-con e-parent\" data-id=\"99c6cca\" data-element_type=\"container\" data-e-type=\"container\">\n\t\t\t\t\t<div class=\"e-con-inner\">\n\t\t<div class=\"elementor-element elementor-element-6051334 e-con-full e-flex e-con e-child\" data-id=\"6051334\" data-element_type=\"container\" data-e-type=\"container\">\n\t\t\t\t<div class=\"elementor-element elementor-element-dbcc164 elementor-widget elementor-widget-image\" data-id=\"dbcc164\" data-element_type=\"widget\" data-e-type=\"widget\" data-widget_type=\"image.default\">\n\t\t\t\t<div class=\"elementor-widget-container\">\n\t\t\t\t\t\t\t\t\t\t\t\t\t\t\t<img loading=\"lazy\" decoding=\"async\" loading=\"lazy\" width=\"570\" height=\"487\" src=\"https:\/\/ones.com.tr\/wp-content\/uploads\/Ones-Technology-Corporate-Value-Idea.webp\" class=\"attachment-full size-full wp-image-5478\" alt=\"\" srcset=\"https:\/\/ones.com.tr\/wp-content\/uploads\/Ones-Technology-Corporate-Value-Idea.webp 570w, https:\/\/ones.com.tr\/wp-content\/uploads\/Ones-Technology-Corporate-Value-Idea-300x256.webp 300w\" sizes=\"auto, (max-width: 570px) 100vw, 570px\" \/>\t\t\t\t\t\t\t\t\t\t\t\t\t\t\t<\/div>\n\t\t\t\t<\/div>\n\t\t\t\t<\/div>\n\t\t<div class=\"elementor-element elementor-element-26478b3 e-con-full e-flex e-con e-child\" data-id=\"26478b3\" data-element_type=\"container\" data-e-type=\"container\">\n\t\t\t\t<div class=\"elementor-element elementor-element-a45f58b elementor-widget elementor-widget-heading\" data-id=\"a45f58b\" data-element_type=\"widget\" data-e-type=\"widget\" data-widget_type=\"heading.default\">\n\t\t\t\t<div class=\"elementor-widget-container\">\n\t\t\t\t\t<h2 class=\"elementor-heading-title elementor-size-default\">Fayda Sa\u011flayacak Yeni Fikirler<\/h2>\t\t\t\t<\/div>\n\t\t\t\t<\/div>\n\t\t\t\t<div class=\"elementor-element elementor-element-95f79a2 elementor-widget elementor-widget-text-editor\" data-id=\"95f79a2\" data-element_type=\"widget\" data-e-type=\"widget\" data-widget_type=\"text-editor.default\">\n\t\t\t\t<div class=\"elementor-widget-container\">\n\t\t\t\t\t\t\t\t\t<p>\u0130novasyon kabiliyeti Ones Technology i\u00e7in geni\u015f kullan\u0131m alanlar\u0131na sahip olan nitelikli ve g\u00fcvenlikli \u00fcr\u00fcnlerin ortaya \u00e7\u0131kart\u0131lmas\u0131 konusunda \u201calt\u0131n kapl\u0131 anahatar kelime\u201d olarak tan\u0131mlanmaktad\u0131r. Her fikirin de\u011ferli oldu\u011funu bilinciyle hareket eden Ones Technology, de\u011fer katan, yenilik\u00e7i, yarat\u0131c\u0131 ve \u00fcst\u00fcn g\u00fcvenlik sunacak t\u00fcm yeteneklerini, \u00fcr\u00fcn ailesinde yer alan t\u00fcm \u00fcr\u00fcnler i\u00e7in bir gereklilik olarak kabul etmektedir. Bilgimizi ve tecr\u00fcbemizi, ekonomik ve toplumsal faydaya d\u00f6n\u00fc\u015ft\u00fcrme s\u00fcrecinde, t\u00fcm ihtiya\u00e7lar\u0131 g\u00f6zeterek yenilik\u00e7i \u00fcr\u00fcnler i\u00e7in ihtiya\u00e7 ve beklentileri yak\u0131nda takip ediyoruz.<\/p>\t\t\t\t\t\t\t\t<\/div>\n\t\t\t\t<\/div>\n\t\t\t\t<\/div>\n\t\t\t\t\t<\/div>\n\t\t\t\t<\/div>\n\t\t<div class=\"elementor-element elementor-element-c83bc1f e-flex e-con-boxed e-con e-parent\" data-id=\"c83bc1f\" data-element_type=\"container\" data-e-type=\"container\">\n\t\t\t\t\t<div class=\"e-con-inner\">\n\t\t<div class=\"elementor-element elementor-element-517c9c1 e-con-full e-flex e-con e-child\" data-id=\"517c9c1\" data-element_type=\"container\" data-e-type=\"container\">\n\t\t\t\t<div class=\"elementor-element elementor-element-03e2a73 elementor-widget elementor-widget-heading\" data-id=\"03e2a73\" data-element_type=\"widget\" data-e-type=\"widget\" data-widget_type=\"heading.default\">\n\t\t\t\t<div class=\"elementor-widget-container\">\n\t\t\t\t\t<h2 class=\"elementor-heading-title elementor-size-default\">G\u00fcvenlikten \u00d6d\u00fcn Vermek Yok<\/h2>\t\t\t\t<\/div>\n\t\t\t\t<\/div>\n\t\t\t\t<div class=\"elementor-element elementor-element-d7f8810 elementor-widget elementor-widget-text-editor\" data-id=\"d7f8810\" data-element_type=\"widget\" data-e-type=\"widget\" data-widget_type=\"text-editor.default\">\n\t\t\t\t<div class=\"elementor-widget-container\">\n\t\t\t\t\t\t\t\t\t<p>Geli\u015fen yeni teknolojiler beraberinde s\u00fcrekli olarak birtak\u0131m g\u00fcvenlik sorunlar\u0131 da meydana getiriyor. Hayat\u0131m\u0131z\u0131 ve ya\u015famlar\u0131m\u0131z\u0131 kolayla\u015ft\u0131rmak i\u00e7in geli\u015ftirilen yenilik\u00e7i sistemlerde meydana gelen en ufak bir g\u00fcvenlik sorunu, sonu\u00e7lar\u0131 b\u00fcy\u00fck tehlikeler yaratacak olaylar meydana getirebilir. Ones Technology, geli\u015ftirdi\u011fi her yenilik\u00e7i \u00fcr\u00fcn\u00fc i\u00e7in meydana gelebilecek olas\u0131 bir g\u00fcvenlik sorununu engelleyebilmek ad\u0131na kat\u0131 g\u00fcvenlik \u00f6nlemleri alarak olas\u0131 bir sorunun \u00f6n\u00fcne ge\u00e7mektedir.<\/p>\t\t\t\t\t\t\t\t<\/div>\n\t\t\t\t<\/div>\n\t\t\t\t<\/div>\n\t\t<div class=\"elementor-element elementor-element-ac3238f e-con-full e-flex e-con e-child\" data-id=\"ac3238f\" data-element_type=\"container\" data-e-type=\"container\">\n\t\t\t\t<div class=\"elementor-element elementor-element-bbc1298 elementor-widget elementor-widget-image\" data-id=\"bbc1298\" data-element_type=\"widget\" data-e-type=\"widget\" data-widget_type=\"image.default\">\n\t\t\t\t<div class=\"elementor-widget-container\">\n\t\t\t\t\t\t\t\t\t\t\t\t\t\t\t<img loading=\"lazy\" decoding=\"async\" loading=\"lazy\" width=\"570\" height=\"487\" src=\"https:\/\/ones.com.tr\/wp-content\/uploads\/Ones-Technology-Corporate-Values-Security.webp\" class=\"attachment-full size-full wp-image-5452\" alt=\"\" srcset=\"https:\/\/ones.com.tr\/wp-content\/uploads\/Ones-Technology-Corporate-Values-Security.webp 570w, https:\/\/ones.com.tr\/wp-content\/uploads\/Ones-Technology-Corporate-Values-Security-300x256.webp 300w\" sizes=\"auto, (max-width: 570px) 100vw, 570px\" \/>\t\t\t\t\t\t\t\t\t\t\t\t\t\t\t<\/div>\n\t\t\t\t<\/div>\n\t\t\t\t<\/div>\n\t\t\t\t\t<\/div>\n\t\t\t\t<\/div>\n\t\t<div class=\"elementor-element elementor-element-9adf0f1 e-flex e-con-boxed e-con e-parent\" data-id=\"9adf0f1\" data-element_type=\"container\" data-e-type=\"container\">\n\t\t\t\t\t<div class=\"e-con-inner\">\n\t\t<div class=\"elementor-element elementor-element-b1ec632 e-con-full e-flex e-con e-child\" data-id=\"b1ec632\" data-element_type=\"container\" data-e-type=\"container\">\n\t\t\t\t<div class=\"elementor-element elementor-element-ff59748 elementor-widget elementor-widget-image\" data-id=\"ff59748\" data-element_type=\"widget\" data-e-type=\"widget\" data-widget_type=\"image.default\">\n\t\t\t\t<div class=\"elementor-widget-container\">\n\t\t\t\t\t\t\t\t\t\t\t\t\t\t\t<img loading=\"lazy\" decoding=\"async\" loading=\"lazy\" width=\"570\" height=\"487\" src=\"https:\/\/ones.com.tr\/wp-content\/uploads\/Ones-Technology-Corporate-About-Limited-Resources.webp\" class=\"attachment-large size-large wp-image-5480\" alt=\"\" srcset=\"https:\/\/ones.com.tr\/wp-content\/uploads\/Ones-Technology-Corporate-About-Limited-Resources.webp 570w, https:\/\/ones.com.tr\/wp-content\/uploads\/Ones-Technology-Corporate-About-Limited-Resources-300x256.webp 300w\" sizes=\"auto, (max-width: 570px) 100vw, 570px\" \/>\t\t\t\t\t\t\t\t\t\t\t\t\t\t\t<\/div>\n\t\t\t\t<\/div>\n\t\t\t\t<\/div>\n\t\t<div class=\"elementor-element elementor-element-a96998b e-con-full e-flex e-con e-child\" data-id=\"a96998b\" data-element_type=\"container\" data-e-type=\"container\">\n\t\t\t\t<div class=\"elementor-element elementor-element-c3be545 elementor-widget elementor-widget-heading\" data-id=\"c3be545\" data-element_type=\"widget\" data-e-type=\"widget\" data-widget_type=\"heading.default\">\n\t\t\t\t<div class=\"elementor-widget-container\">\n\t\t\t\t\t<h2 class=\"elementor-heading-title elementor-size-default\">Kaynaklar Sonsuz De\u011fildir<\/h2>\t\t\t\t<\/div>\n\t\t\t\t<\/div>\n\t\t\t\t<div class=\"elementor-element elementor-element-860da7d elementor-widget elementor-widget-text-editor\" data-id=\"860da7d\" data-element_type=\"widget\" data-e-type=\"widget\" data-widget_type=\"text-editor.default\">\n\t\t\t\t<div class=\"elementor-widget-container\">\n\t\t\t\t\t\t\t\t\t<p>Ones Technology taraf\u0131ndan \u00fcretilen her yenilik\u00e7i \u00fcr\u00fcn i\u00e7in ak\u0131c\u0131 kaynaklar\u0131n kullan\u0131m\u0131na dikkat ederek savurganl\u0131\u011f\u0131n \u00f6n\u00fcne ge\u00e7ilmektedir. Bu nedenle hizmetlerimizin s\u00fcreklili\u011fini sa\u011flamak ve geli\u015ftirmek i\u00e7in mevcut kaynaklar\u0131m\u0131z\u0131n en iyi \u015fekilde y\u00f6netilmesini sa\u011flarken ideallerimizde ve kalitemizden hi\u00e7bir \u015fekilde \u00f6d\u00fcn vermiyoruz.<\/p>\t\t\t\t\t\t\t\t<\/div>\n\t\t\t\t<\/div>\n\t\t\t\t<\/div>\n\t\t\t\t\t<\/div>\n\t\t\t\t<\/div>\n\t\t\t\t<\/div>\n\t\t","protected":false},"excerpt":{"rendered":"<p>Kuruldu\u011fu 2008 y\u0131l\u0131ndan bu yana geli\u015ftirdi\u011fi ve son kullan\u0131c\u0131ya ula\u015ft\u0131rd\u0131\u011f\u0131 \u00fcr\u00fcn ve \u00e7\u00f6z\u00fcmlerin tamam\u0131nda ulusal ve uluslararas\u0131 standartlar\u0131 kar\u015f\u0131lamay\u0131 ilke edinen firma, BioAffix markas\u0131 alt\u0131nda sundu\u011fu \u00e7e\u015fitli \u00fcr\u00fcnlerle biyometrik ge\u00e7i\u015f kontrol cihazlar\u0131, kartl\u0131 ge\u00e7i\u015f sistemleri, y\u00fcz tan\u0131ma ve parmak izi tan\u0131ma gibi ileri teknoloji \u00fcr\u00fcnlerin hem donan\u0131m\u0131n\u0131 hem de yaz\u0131l\u0131m\u0131n\u0131 yerli imkanlarla \u00fcretmektedir. <\/p>\n","protected":false},"author":1,"featured_media":0,"parent":0,"menu_order":0,"comment_status":"closed","ping_status":"closed","template":"elementor_header_footer","meta":{"_acf_changed":false,"nf_dc_page":"","footnotes":""},"class_list":["post-5447","page","type-page","status-publish","hentry","no-post-thumbnail"],"acf":[],"_links":{"self":[{"href":"https:\/\/ones.com.tr\/tr\/wp-json\/wp\/v2\/pages\/5447","targetHints":{"allow":["GET"]}}],"collection":[{"href":"https:\/\/ones.com.tr\/tr\/wp-json\/wp\/v2\/pages"}],"about":[{"href":"https:\/\/ones.com.tr\/tr\/wp-json\/wp\/v2\/types\/page"}],"author":[{"embeddable":true,"href":"https:\/\/ones.com.tr\/tr\/wp-json\/wp\/v2\/users\/1"}],"replies":[{"embeddable":true,"href":"https:\/\/ones.com.tr\/tr\/wp-json\/wp\/v2\/comments?post=5447"}],"version-history":[{"count":0,"href":"https:\/\/ones.com.tr\/tr\/wp-json\/wp\/v2\/pages\/5447\/revisions"}],"wp:attachment":[{"href":"https:\/\/ones.com.tr\/tr\/wp-json\/wp\/v2\/media?parent=5447"}],"curies":[{"name":"wp","href":"https:\/\/api.w.org\/{rel}","templated":true}]}}