{"id":5433,"date":"2023-10-04T17:00:45","date_gmt":"2023-10-04T14:00:45","guid":{"rendered":"https:\/\/ones.com.tr\/?page_id=5433"},"modified":"2024-09-20T00:11:05","modified_gmt":"2024-09-19T21:11:05","slug":"arge-yeteneklerimiz","status":"publish","type":"page","link":"https:\/\/ones.com.tr\/tr\/arge-yeteneklerimiz\/","title":{"rendered":"AR-GE Yeteneklerimiz"},"content":{"rendered":"\t\t<div data-elementor-type=\"wp-page\" data-elementor-id=\"5433\" class=\"elementor elementor-5433\">\n\t\t\t\t<div class=\"elementor-element elementor-element-a1e9d85 e-con-full e-flex e-con e-parent\" data-id=\"a1e9d85\" data-element_type=\"container\" data-e-type=\"container\" data-settings=\"{&quot;background_background&quot;:&quot;gradient&quot;}\">\n\t\t<div class=\"elementor-element elementor-element-5928b91 e-con-full e-flex e-con e-child\" data-id=\"5928b91\" data-element_type=\"container\" data-e-type=\"container\">\n\t\t\t\t<div class=\"elementor-element elementor-element-5914ad4 elementor-widget elementor-widget-heading\" data-id=\"5914ad4\" data-element_type=\"widget\" data-e-type=\"widget\" data-widget_type=\"heading.default\">\n\t\t\t\t<div class=\"elementor-widget-container\">\n\t\t\t\t\t<h2 class=\"elementor-heading-title elementor-size-default\">AR-GE Yeteneklerimiz<\/h2>\t\t\t\t<\/div>\n\t\t\t\t<\/div>\n\t\t\t\t<div class=\"elementor-element elementor-element-4c59d09 elementor-widget elementor-widget-text-editor\" data-id=\"4c59d09\" data-element_type=\"widget\" data-e-type=\"widget\" data-widget_type=\"text-editor.default\">\n\t\t\t\t<div class=\"elementor-widget-container\">\n\t\t\t\t\t\t\t\t\t<p style=\"text-align: center;\">Tamam\u0131 yerli m\u00fchendisler taraf\u0131ndan geli\u015ftirilen \u00fcr\u00fcnlerimiz, g\u00fcvenli\u011finizi sa\u011flarken hayat\u0131n\u0131z\u0131 kolayla\u015ft\u0131r\u0131yor.<\/p>\t\t\t\t\t\t\t\t<\/div>\n\t\t\t\t<\/div>\n\t\t\t\t<\/div>\n\t\t\t\t<\/div>\n\t\t<div class=\"elementor-element elementor-element-2ac6a27 e-flex e-con-boxed e-con e-parent\" data-id=\"2ac6a27\" data-element_type=\"container\" data-e-type=\"container\" data-settings=\"{&quot;animation&quot;:&quot;none&quot;}\">\n\t\t\t\t\t<div class=\"e-con-inner\">\n\t\t<div class=\"elementor-element elementor-element-24eb2c8 e-con-full e-flex elementor-invisible e-con e-child\" data-id=\"24eb2c8\" data-element_type=\"container\" data-e-type=\"container\" data-settings=\"{&quot;animation&quot;:&quot;fadeInDown&quot;}\">\n\t\t\t\t<div class=\"elementor-element elementor-element-afb52d4 rdAbility elementor-widget elementor-widget-saasland_main_features\" data-id=\"afb52d4\" data-element_type=\"widget\" data-e-type=\"widget\" data-widget_type=\"saasland_main_features.default\">\n\t\t\t\t<div class=\"elementor-widget-container\">\n\t\t\t\t\t<section class=\"agency_service_area\">\r\n    <div class=\"container custom_container\">\r\n                    <h2 class=\"f_size_30 f_600 t_color3 l_height40 text-center mb_90 wow fadeInUp\" data-wow-delay=\"0.3s\">\r\n                Gelece\u011fi \u015eekillendirmek \u0130\u00e7in \u00c7al\u0131\u015f\u0131yoruz            <\/h2>\r\n                <div class=\"row mb_30\">\r\n                                <div class=\"col-lg-4 col-sm-6\">\r\n                        <div class=\"p_service_item agency_service_item pr_70 wow fadeInUp elementor-repeater-item-8bdc267\" data-wow-delay=\"0.3s\">\r\n                            <div class=\"icon\">\r\n                                                                    <img decoding=\"async\" loading=\"lazy\" src=\"https:\/\/ones.com.tr\/wp-content\/uploads\/Ones-Technology-_Software-Rd-Icon.webp\" alt=\"Yaz\u0131l\u0131m AR-GE\">\r\n                                                            <\/div>\r\n                                                            <h5 class=\"f_600 f_p t_color3\">\r\n                                    Yaz\u0131l\u0131m AR-GE                                <\/h5>\r\n                                <p>Yenilik\u00e7i ve g\u00fcncel yaz\u0131l\u0131m teknolojilerini kullanarak masa\u00fcst\u00fc, web ve mobil platformlarda kullan\u0131lan \u00fcr\u00fcnlerimizi geli\u015ftirirken ayn\u0131 zamanda cihazlar\u0131m\u0131zda kullan\u0131lan g\u00f6m\u00fcl\u00fc sistemleri de \u00fcretiyor, inovasyon stratejimizi h\u0131zlanarak geli\u015ftiriyoruz.<\/p>\n                        <\/div>\r\n                    <\/div>\r\n                                        <div class=\"col-lg-4 col-sm-6\">\r\n                        <div class=\"p_service_item agency_service_item pr_70 wow fadeInUp elementor-repeater-item-35290b7\" data-wow-delay=\"0.5s\">\r\n                            <div class=\"icon\">\r\n                                                                    <img decoding=\"async\" loading=\"lazy\" src=\"https:\/\/ones.com.tr\/wp-content\/uploads\/Ones-Technology-_Design-Rd-Icon.webp\" alt=\"Tasar\u0131m AR-GE\">\r\n                                                            <\/div>\r\n                                                            <h5 class=\"f_600 f_p t_color3\">\r\n                                    Tasar\u0131m AR-GE                                <\/h5>\r\n                                <p>Yenilik\u00e7i fikirlerimizi end\u00fcstriyel tasar\u0131mlar\u0131m\u0131zla hayata ge\u00e7iriyoruz. Konsept tasar\u0131m a\u015famas\u0131ndan fiziksel \u00fcretim a\u015famas\u0131na kadar her bir detay\u0131 tek tek tasarl\u0131yor, planl\u0131yor ve \u00fcretiyoruz. Kur\u015fun kalemle ba\u015flayan tasar\u0131m ser\u00fcvenimiz, seri \u00fcretime kadar devam ediyor.<\/p>\n                        <\/div>\r\n                    <\/div>\r\n                                        <div class=\"col-lg-4 col-sm-6\">\r\n                        <div class=\"p_service_item agency_service_item pr_70 wow fadeInUp elementor-repeater-item-ea0f079\" data-wow-delay=\"0.7s\">\r\n                            <div class=\"icon\">\r\n                                                                    <img decoding=\"async\" loading=\"lazy\" src=\"https:\/\/ones.com.tr\/wp-content\/uploads\/Ones-Technology-_Hardware-Rd-Icon.webp\" alt=\"Donan\u0131m AR-GE\">\r\n                                                            <\/div>\r\n                                                            <h5 class=\"f_600 f_p t_color3\">\r\n                                    Donan\u0131m AR-GE                                <\/h5>\r\n                                <p>Yeni teknolojileri kal\u0131c\u0131 bir \u015fekilde kullan\u0131labilir k\u0131lmak i\u00e7in yaz\u0131l\u0131m\u0131 ve tasar\u0131m\u0131, yenilik\u00e7i donan\u0131mlar\u0131m\u0131z ile birle\u015ftiriyoruz. Elektronik tasar\u0131mlar\u0131m\u0131z\u0131, end\u00fcstriyel tasar\u0131mlar\u0131m\u0131z ve yaz\u0131l\u0131mlar\u0131m\u0131z\u0131, \"on-the-shelf\" - \"rafta haz\u0131r ticari \u00fcr\u00fcn\" haline getiriyoruz.<\/p>\n                        <\/div>\r\n                    <\/div>\r\n                            <\/div>\r\n    <\/div>\r\n<\/section>\t\t\t\t<\/div>\n\t\t\t\t<\/div>\n\t\t\t\t<\/div>\n\t\t\t\t\t<\/div>\n\t\t\t\t<\/div>\n\t\t<div class=\"elementor-element elementor-element-dcb3f8a e-flex e-con-boxed e-con e-parent\" data-id=\"dcb3f8a\" data-element_type=\"container\" data-e-type=\"container\">\n\t\t\t\t\t<div class=\"e-con-inner\">\n\t\t<div class=\"elementor-element elementor-element-e6419d2 e-con-full e-flex e-con e-child\" data-id=\"e6419d2\" data-element_type=\"container\" data-e-type=\"container\">\n\t\t\t\t<div class=\"elementor-element elementor-element-faec778 elementor-widget elementor-widget-image\" data-id=\"faec778\" data-element_type=\"widget\" data-e-type=\"widget\" data-widget_type=\"image.default\">\n\t\t\t\t<div class=\"elementor-widget-container\">\n\t\t\t\t\t\t\t\t\t\t\t\t\t\t\t<img loading=\"lazy\" decoding=\"async\" loading=\"lazy\" width=\"570\" height=\"400\" src=\"https:\/\/ones.com.tr\/wp-content\/uploads\/Ones-Technology-Corporate-RD-Manufacturing-570x400.webp\" class=\"attachment-saasland_570x400 size-saasland_570x400 wp-image-5435\" alt=\"\" srcset=\"https:\/\/ones.com.tr\/wp-content\/uploads\/Ones-Technology-Corporate-RD-Manufacturing-570x400.webp 570w, https:\/\/ones.com.tr\/wp-content\/uploads\/Ones-Technology-Corporate-RD-Manufacturing-170x120.webp 170w\" sizes=\"auto, (max-width: 570px) 100vw, 570px\" \/>\t\t\t\t\t\t\t\t\t\t\t\t\t\t\t<\/div>\n\t\t\t\t<\/div>\n\t\t\t\t<\/div>\n\t\t<div class=\"elementor-element elementor-element-415e24b e-con-full e-flex e-con e-child\" data-id=\"415e24b\" data-element_type=\"container\" data-e-type=\"container\">\n\t\t\t\t<div class=\"elementor-element elementor-element-4648f9f elementor-widget elementor-widget-heading\" data-id=\"4648f9f\" data-element_type=\"widget\" data-e-type=\"widget\" data-widget_type=\"heading.default\">\n\t\t\t\t<div class=\"elementor-widget-container\">\n\t\t\t\t\t<h3 class=\"elementor-heading-title elementor-size-default\">Yerli \u00dcretim G\u00fcc\u00fcn\u00fc<br>Arkam\u0131za Ald\u0131k<\/h3>\t\t\t\t<\/div>\n\t\t\t\t<\/div>\n\t\t\t\t<div class=\"elementor-element elementor-element-1008c02 elementor-widget elementor-widget-spacer\" data-id=\"1008c02\" data-element_type=\"widget\" data-e-type=\"widget\" data-widget_type=\"spacer.default\">\n\t\t\t\t<div class=\"elementor-widget-container\">\n\t\t\t\t\t\t\t<div class=\"elementor-spacer\">\n\t\t\t<div class=\"elementor-spacer-inner\"><\/div>\n\t\t<\/div>\n\t\t\t\t\t\t<\/div>\n\t\t\t\t<\/div>\n\t\t\t\t<div class=\"elementor-element elementor-element-eac71f7 elementor-widget elementor-widget-text-editor\" data-id=\"eac71f7\" data-element_type=\"widget\" data-e-type=\"widget\" data-widget_type=\"text-editor.default\">\n\t\t\t\t<div class=\"elementor-widget-container\">\n\t\t\t\t\t\t\t\t\t<p style=\"text-align: justify;\">Geni\u015f ve uzman m\u00fchendis ekibimizle, tamamen yerli \u00fcretim felsefesini benimsemi\u015f, yabanc\u0131 kaynaklara mahkum olmadan \u00fclkeye katma de\u011fer sa\u011flamak amac\u0131yla, ilk kuruldu\u011fumuz g\u00fcnden bu yana biyometrik ge\u00e7i\u015f kontrol \u00fcr\u00fcnlerimiz ba\u015fta olmak \u00fczere t\u00fcm \u00e7\u00f6z\u00fcmlerimiz \u00fczerinde ara\u015ft\u0131rma ve geli\u015ftirme faaliyetlerini kararl\u0131l\u0131kla y\u00fcr\u00fct\u00fcyoruz.<\/p>\n<p style=\"text-align: justify;\">G\u00fcvenli\u011fin her alanda, her sekt\u00f6rde ve her ortamda olduk\u00e7a \u00f6nemli oldu\u011funun fark\u0131nday\u0131z. Bu nedenle hem yaz\u0131l\u0131m hem de donan\u0131m alan\u0131nda y\u00fcr\u00fctt\u00fc\u011f\u00fcm\u00fcz ve ihtiya\u00e7lar\u0131 tam olarak kar\u015f\u0131layacak \u00fcr\u00fcnleri geli\u015ftirme faaliyetlerimizin t\u00fcm\u00fcn\u00fc, hi\u00e7bir \u015fekilde d\u0131\u015far\u0131ya ba\u011f\u0131ml\u0131 olmayacak \u015fekilde, Ones Technology \u00e7at\u0131s\u0131 alt\u0131nda birle\u015ftiriyoruz.<\/p>\t\t\t\t\t\t\t\t<\/div>\n\t\t\t\t<\/div>\n\t\t\t\t<\/div>\n\t\t\t\t\t<\/div>\n\t\t\t\t<\/div>\n\t\t<div class=\"elementor-element elementor-element-fc25500 e-flex e-con-boxed e-con e-parent\" data-id=\"fc25500\" data-element_type=\"container\" data-e-type=\"container\">\n\t\t\t\t\t<div class=\"e-con-inner\">\n\t\t<div class=\"elementor-element elementor-element-92f45f0 e-con-full e-flex e-con e-child\" data-id=\"92f45f0\" data-element_type=\"container\" data-e-type=\"container\">\n\t\t\t\t<div class=\"elementor-element elementor-element-1b0e48e elementor-widget elementor-widget-heading\" data-id=\"1b0e48e\" data-element_type=\"widget\" data-e-type=\"widget\" data-widget_type=\"heading.default\">\n\t\t\t\t<div class=\"elementor-widget-container\">\n\t\t\t\t\t<h3 class=\"elementor-heading-title elementor-size-default\">Eme\u011fimizi ve \u00dcr\u00fcnlerimizi D\u00fcnya \u0130le Payla\u015f\u0131yoruz<\/h3>\t\t\t\t<\/div>\n\t\t\t\t<\/div>\n\t\t\t\t<div class=\"elementor-element elementor-element-4c39b78 elementor-widget elementor-widget-spacer\" data-id=\"4c39b78\" data-element_type=\"widget\" data-e-type=\"widget\" data-widget_type=\"spacer.default\">\n\t\t\t\t<div class=\"elementor-widget-container\">\n\t\t\t\t\t\t\t<div class=\"elementor-spacer\">\n\t\t\t<div class=\"elementor-spacer-inner\"><\/div>\n\t\t<\/div>\n\t\t\t\t\t\t<\/div>\n\t\t\t\t<\/div>\n\t\t\t\t<div class=\"elementor-element elementor-element-588b8c1 elementor-widget elementor-widget-text-editor\" data-id=\"588b8c1\" data-element_type=\"widget\" data-e-type=\"widget\" data-widget_type=\"text-editor.default\">\n\t\t\t\t<div class=\"elementor-widget-container\">\n\t\t\t\t\t\t\t\t\t<p style=\"text-align: justify;\">Ge\u00e7mi\u015fte edindi\u011fi her deneyimi, gelece\u011fe \u0131\u015f\u0131k tutacak yenilikler olarak sunan Ones Technology ailesi, en g\u00fcncel olan\u0131, en g\u00fcvenli \u015fekilde kitlelerin kullan\u0131m\u0131na sunuyor.<\/p>\n<p style=\"text-align: justify;\">AR-GE ve \u00dcretim Tesisleri&#8217;nde hayata ge\u00e7irdi\u011fi g\u00fcvenlik sistemleri ile Ones Technology,\u00a0 pazarda &#8220;yol g\u00f6sterici&#8221; konumuna yerle\u015ferek biyometrik ge\u00e7i\u015f sistemleri alan\u0131nda \u00f6nc\u00fc olman\u0131n gururunu ya\u015f\u0131yor. Tecr\u00fcbemizi, g\u00fcvenli\u011finizi sa\u011flayacak katma de\u011fer sahibi \u00fcr\u00fcnlere \u00e7evirmek i\u00e7in her g\u00fcn daha fazla geli\u015ferek, \u00fcretti\u011fimiz donan\u0131mlar\u0131m\u0131z\u0131 yaz\u0131l\u0131mlar\u0131m\u0131z ile zenginle\u015ftiriyor ve biyometrik g\u00fcvenlik \u00e7\u00f6z\u00fcmleri olarak kullan\u0131ma sunuyoruz.<\/p>\n<p style=\"text-align: justify;\">Sahip oldu\u011fumuz g\u00fcc\u00fcm\u00fcz\u00fc, uzman m\u00fchendis ekibimizden al\u0131yoruz. Bu sayede, d\u00fcnya standartlar\u0131nda \u00fcretti\u011fimiz dijital \u00fcr\u00fcnlerimizle T\u00fcrkiye piyasas\u0131ndaki en b\u00fcy\u00fck g\u00fc\u00e7 olma \u00f6zelli\u011fini de ta\u015f\u0131yoruz. End\u00fcstri 4.0 kapsam\u0131nda geli\u015ftirdi\u011fimiz \u00fcretim ve test a\u015famalar\u0131m\u0131z sayesinde, \u00fcr\u00fcnlerimiz sadece T\u00fcrkiye&#8217;de de\u011fil, d\u00fcnyan\u0131n bir\u00e7ok noktas\u0131nda g\u00fcvenle kullan\u0131c\u0131lara hizmet ediyor. Eme\u011fimizi ve \u00fcr\u00fcnlerimizi d\u00fcnya ile payla\u015f\u0131yoruz.<\/p>\t\t\t\t\t\t\t\t<\/div>\n\t\t\t\t<\/div>\n\t\t\t\t<\/div>\n\t\t<div class=\"elementor-element elementor-element-72248ac e-con-full e-flex e-con e-child\" data-id=\"72248ac\" data-element_type=\"container\" data-e-type=\"container\">\n\t\t\t\t<div class=\"elementor-element elementor-element-90d4877 elementor-widget elementor-widget-image\" data-id=\"90d4877\" data-element_type=\"widget\" data-e-type=\"widget\" data-widget_type=\"image.default\">\n\t\t\t\t<div class=\"elementor-widget-container\">\n\t\t\t\t\t\t\t\t\t\t\t\t\t\t\t<img loading=\"lazy\" decoding=\"async\" loading=\"lazy\" width=\"570\" height=\"487\" src=\"https:\/\/ones.com.tr\/wp-content\/uploads\/Ones-Technology-Corporate-RD-Process.webp\" class=\"attachment-large size-large wp-image-5436\" alt=\"\" srcset=\"https:\/\/ones.com.tr\/wp-content\/uploads\/Ones-Technology-Corporate-RD-Process.webp 570w, https:\/\/ones.com.tr\/wp-content\/uploads\/Ones-Technology-Corporate-RD-Process-300x256.webp 300w\" sizes=\"auto, (max-width: 570px) 100vw, 570px\" \/>\t\t\t\t\t\t\t\t\t\t\t\t\t\t\t<\/div>\n\t\t\t\t<\/div>\n\t\t\t\t<\/div>\n\t\t\t\t\t<\/div>\n\t\t\t\t<\/div>\n\t\t\t\t<\/div>\n\t\t","protected":false},"excerpt":{"rendered":"<p>AR-GE Yeteneklerimiz Tamam\u0131 yerli m\u00fchendisler taraf\u0131ndan geli\u015ftirilen \u00fcr\u00fcnlerimiz, g\u00fcvenli\u011finizi sa\u011flarken hayat\u0131n\u0131z\u0131 kolayla\u015ft\u0131r\u0131yor. Gelece\u011fi \u015eekillendirmek \u0130\u00e7in \u00c7al\u0131\u015f\u0131yoruz Yaz\u0131l\u0131m AR-GE Yenilik\u00e7i ve g\u00fcncel yaz\u0131l\u0131m teknolojilerini kullanarak masa\u00fcst\u00fc, web ve mobil platformlarda kullan\u0131lan \u00fcr\u00fcnlerimizi geli\u015ftirirken ayn\u0131 zamanda cihazlar\u0131m\u0131zda kullan\u0131lan g\u00f6m\u00fcl\u00fc sistemleri de \u00fcretiyor, inovasyon stratejimizi h\u0131zlanarak geli\u015ftiriyoruz. Tasar\u0131m AR-GE Yenilik\u00e7i fikirlerimizi end\u00fcstriyel tasar\u0131mlar\u0131m\u0131zla hayata ge\u00e7iriyoruz. Konsept tasar\u0131m a\u015famas\u0131ndan [&hellip;]<\/p>\n","protected":false},"author":1,"featured_media":0,"parent":0,"menu_order":0,"comment_status":"closed","ping_status":"closed","template":"elementor_header_footer","meta":{"_acf_changed":false,"nf_dc_page":"","footnotes":""},"class_list":["post-5433","page","type-page","status-publish","hentry","no-post-thumbnail"],"acf":[],"_links":{"self":[{"href":"https:\/\/ones.com.tr\/tr\/wp-json\/wp\/v2\/pages\/5433","targetHints":{"allow":["GET"]}}],"collection":[{"href":"https:\/\/ones.com.tr\/tr\/wp-json\/wp\/v2\/pages"}],"about":[{"href":"https:\/\/ones.com.tr\/tr\/wp-json\/wp\/v2\/types\/page"}],"author":[{"embeddable":true,"href":"https:\/\/ones.com.tr\/tr\/wp-json\/wp\/v2\/users\/1"}],"replies":[{"embeddable":true,"href":"https:\/\/ones.com.tr\/tr\/wp-json\/wp\/v2\/comments?post=5433"}],"version-history":[{"count":0,"href":"https:\/\/ones.com.tr\/tr\/wp-json\/wp\/v2\/pages\/5433\/revisions"}],"wp:attachment":[{"href":"https:\/\/ones.com.tr\/tr\/wp-json\/wp\/v2\/media?parent=5433"}],"curies":[{"name":"wp","href":"https:\/\/api.w.org\/{rel}","templated":true}]}}