{"id":20850,"date":"2025-06-13T11:55:07","date_gmt":"2025-06-13T08:55:07","guid":{"rendered":"https:\/\/ones.com.tr\/?page_id=20850"},"modified":"2025-06-30T13:24:19","modified_gmt":"2025-06-30T10:24:19","slug":"musteri-acik-riza-formu","status":"publish","type":"page","link":"https:\/\/ones.com.tr\/tr\/kvkk\/musteri-acik-riza-formu\/","title":{"rendered":"M\u00fc\u015fteri A\u00e7\u0131k R\u0131za Formu"},"content":{"rendered":"\t\t<div data-elementor-type=\"wp-page\" data-elementor-id=\"20850\" class=\"elementor elementor-20850\">\n\t\t\t\t<div class=\"elementor-element elementor-element-f7ae7d1 e-flex e-con-boxed e-con e-parent\" data-id=\"f7ae7d1\" data-element_type=\"container\" data-e-type=\"container\">\n\t\t\t\t\t<div class=\"e-con-inner\">\n\t\t\t\t<div class=\"elementor-element elementor-element-2c3e327f elementor-widget elementor-widget-text-editor\" data-id=\"2c3e327f\" data-element_type=\"widget\" data-e-type=\"widget\" data-widget_type=\"text-editor.default\">\n\t\t\t\t<div class=\"elementor-widget-container\">\n\t\t\t\t\t\t\t\t\t\n<p><br>M\u00fc\u015fteri A\u00e7\u0131k R\u0131za Formu<\/p>\n\n\n\n<p><\/p>\n\t\t\t\t\t\t\t\t<\/div>\n\t\t\t\t<\/div>\n\t\t\t\t\t<\/div>\n\t\t\t\t<\/div>\n\t\t<div class=\"elementor-element elementor-element-425679f e-con-full e-flex e-con e-parent\" data-id=\"425679f\" data-element_type=\"container\" data-e-type=\"container\" data-settings=\"{&quot;background_background&quot;:&quot;gradient&quot;}\">\n\t\t<div class=\"elementor-element elementor-element-ce83820 e-con-full e-flex e-con e-child\" data-id=\"ce83820\" data-element_type=\"container\" data-e-type=\"container\" data-settings=\"{&quot;background_background&quot;:&quot;classic&quot;}\">\n\t\t\t\t<div class=\"elementor-element elementor-element-711d79f elementor-widget elementor-widget-heading\" data-id=\"711d79f\" data-element_type=\"widget\" data-e-type=\"widget\" data-widget_type=\"heading.default\">\n\t\t\t\t<div class=\"elementor-widget-container\">\n\t\t\t\t\t<h1 class=\"elementor-heading-title elementor-size-default\">M\u00fc\u015fteri A\u00e7\u0131k R\u0131za Formu<\/h1>\t\t\t\t<\/div>\n\t\t\t\t<\/div>\n\t\t\t\t<\/div>\n\t\t\t\t<\/div>\n\t\t<div class=\"elementor-element elementor-element-7d6740b e-con-full e-flex e-con e-parent\" data-id=\"7d6740b\" data-element_type=\"container\" data-e-type=\"container\">\n\t\t\t\t<div class=\"elementor-element elementor-element-78ed6ea elementor-widget elementor-widget-text-editor\" data-id=\"78ed6ea\" data-element_type=\"widget\" data-e-type=\"widget\" data-widget_type=\"text-editor.default\">\n\t\t\t\t<div class=\"elementor-widget-container\">\n\t\t\t\t\t\t\t\t\t<p>6698 say\u0131l\u0131 Ki\u015fisel Verilerin Korunmas\u0131 Kanunu <strong>(\u201cKVKK\u201d)<\/strong> kapsam\u0131nda, Ones Bili\u015fim Teknolojileri Anonim \u015eirketi (\u201c\u015eirket\u201d) taraf\u0131ndan taraf\u0131ma sunulan <strong>M\u00fc\u015fteri Ayd\u0131nlatma Metnini<\/strong> okudu\u011fumu ve anlad\u0131\u011f\u0131m\u0131, ki\u015fisel verilerimin i\u015flenmesine ili\u015fkin olarak a\u015fa\u011f\u0131daki hususlarda <strong>a\u00e7\u0131k r\u0131zam\u0131n bulundu\u011funu<\/strong> kabul ve beyan ederim.<\/p><p>Bu kapsamda;<\/p><p>kimlik, ileti\u015fim, i\u015flem g\u00fcvenli\u011fi, finansal bilgi, i\u015flem ge\u00e7mi\u015fi, lokasyon ve kurumsal ileti\u015fim bilgilerim d\u00e2hil ancak bunlarla s\u0131n\u0131rl\u0131 olmamak \u00fczere <strong>ki\u015fisel verilerimin<\/strong>;<\/p><ul><li>\u00dcr\u00fcn ve hizmetlerin sa\u011flanmas\u0131 ve sat\u0131\u015f sonras\u0131 destek hizmetlerinin y\u00fcr\u00fct\u00fclmesi,<\/li><li>M\u00fc\u015fteri ili\u015fkileri s\u00fcre\u00e7lerinin y\u00fcr\u00fct\u00fclmesi ve m\u00fc\u015fteri memnuniyetinin sa\u011flanmas\u0131,<\/li><li>\u0130leti\u015fim, bilgilendirme ve operasyonel faaliyetlerin y\u00fcr\u00fct\u00fclmesi,<\/li><li>\u015eirketin yasal y\u00fck\u00fcml\u00fcl\u00fcklerinin yerine getirilmesi,<\/li><li>Yetkili kamu kurumlar\u0131 ve yurt i\u00e7indeki i\u015f ortaklar\u0131, tedarik\u00e7iler ve hizmet sa\u011flay\u0131c\u0131larla gerekli \u00f6l\u00e7\u00fcde payla\u015f\u0131lmas\u0131,<\/li><\/ul><p>ama\u00e7lar\u0131yla i\u015flenmesine, kaydedilmesine, saklanmas\u0131na ve \u00fc\u00e7\u00fcnc\u00fc taraflarla payla\u015f\u0131lmas\u0131na <strong>a\u00e7\u0131k r\u0131zamla onay veriyorum.<\/strong><\/p><p>Ayr\u0131ca bu r\u0131zam\u0131n, KVKK kapsam\u0131nda sahip oldu\u011fum ilgili ki\u015fi haklar\u0131n\u0131 kullanmama engel te\u015fkil etmedi\u011fini ve bu r\u0131zay\u0131 diledi\u011fim zaman geri alabilece\u011fimi bilmekteyim.<\/p><table data-testid=\"renderer-table\" data-number-column=\"false\" data-table-width=\"1800\" data-layout=\"align-start\"><colgroup> <col \/> <col \/><\/colgroup><tbody><tr><th colspan=\"1\" rowspan=\"1\" data-colwidth=\"474\"><p data-renderer-start-pos=\"1220\">Ad Soyad<\/p><\/th><td colspan=\"1\" rowspan=\"1\" data-colwidth=\"1324\"><p data-renderer-start-pos=\"1232\">\u00a0<\/p><\/td><\/tr><tr><th colspan=\"1\" rowspan=\"1\" data-colwidth=\"474\"><p data-renderer-start-pos=\"1238\">Tarih<\/p><\/th><td colspan=\"1\" rowspan=\"1\" data-colwidth=\"1324\"><p data-renderer-start-pos=\"1247\">\u00a0<\/p><\/td><\/tr><tr><th colspan=\"1\" rowspan=\"1\" data-colwidth=\"474\"><p data-renderer-start-pos=\"1253\">\u0130mza<\/p><\/th><td colspan=\"1\" rowspan=\"1\" data-colwidth=\"1324\"><p data-renderer-start-pos=\"1261\">\u00a0<\/p><\/td><\/tr><\/tbody><\/table>\t\t\t\t\t\t\t\t<\/div>\n\t\t\t\t<\/div>\n\t\t\t\t<\/div>\n\t\t\t\t<\/div>\n\t\t","protected":false},"excerpt":{"rendered":"<p>M\u00fc\u015fteri A\u00e7\u0131k R\u0131za Formu M\u00fc\u015fteri A\u00e7\u0131k R\u0131za Formu M\u00fc\u015fteri A\u00e7\u0131k R\u0131za Formu M\u00fc\u015fteri A\u00e7\u0131k R\u0131za Formu 6698 say\u0131l\u0131 Ki\u015fisel Verilerin Korunmas\u0131 Kanunu (\u201cKVKK\u201d) kapsam\u0131nda, Ones Bili\u015fim Teknolojileri Anonim \u015eirketi (\u201c\u015eirket\u201d) taraf\u0131ndan taraf\u0131ma sunulan M\u00fc\u015fteri Ayd\u0131nlatma Metnini okudu\u011fumu ve anlad\u0131\u011f\u0131m\u0131, ki\u015fisel verilerimin i\u015flenmesine ili\u015fkin olarak a\u015fa\u011f\u0131daki hususlarda a\u00e7\u0131k r\u0131zam\u0131n bulundu\u011funu kabul ve beyan ederim. Bu kapsamda; [&hellip;]<\/p>\n","protected":false},"author":2,"featured_media":0,"parent":20319,"menu_order":0,"comment_status":"closed","ping_status":"closed","template":"elementor_header_footer","meta":{"_acf_changed":false,"nf_dc_page":"","footnotes":""},"class_list":["post-20850","page","type-page","status-publish","hentry","no-post-thumbnail"],"acf":[],"_links":{"self":[{"href":"https:\/\/ones.com.tr\/tr\/wp-json\/wp\/v2\/pages\/20850","targetHints":{"allow":["GET"]}}],"collection":[{"href":"https:\/\/ones.com.tr\/tr\/wp-json\/wp\/v2\/pages"}],"about":[{"href":"https:\/\/ones.com.tr\/tr\/wp-json\/wp\/v2\/types\/page"}],"author":[{"embeddable":true,"href":"https:\/\/ones.com.tr\/tr\/wp-json\/wp\/v2\/users\/2"}],"replies":[{"embeddable":true,"href":"https:\/\/ones.com.tr\/tr\/wp-json\/wp\/v2\/comments?post=20850"}],"version-history":[{"count":15,"href":"https:\/\/ones.com.tr\/tr\/wp-json\/wp\/v2\/pages\/20850\/revisions"}],"predecessor-version":[{"id":21224,"href":"https:\/\/ones.com.tr\/tr\/wp-json\/wp\/v2\/pages\/20850\/revisions\/21224"}],"up":[{"embeddable":true,"href":"https:\/\/ones.com.tr\/tr\/wp-json\/wp\/v2\/pages\/20319"}],"wp:attachment":[{"href":"https:\/\/ones.com.tr\/tr\/wp-json\/wp\/v2\/media?parent=20850"}],"curies":[{"name":"wp","href":"https:\/\/api.w.org\/{rel}","templated":true}]}}