{"id":20843,"date":"2025-06-13T11:52:32","date_gmt":"2025-06-13T08:52:32","guid":{"rendered":"https:\/\/ones.com.tr\/?page_id=20843"},"modified":"2025-06-30T12:00:35","modified_gmt":"2025-06-30T09:00:35","slug":"calisan-acik-riza-formu","status":"publish","type":"page","link":"https:\/\/ones.com.tr\/tr\/kvkk\/calisan-acik-riza-formu\/","title":{"rendered":"\u00c7al\u0131\u015fan A\u00e7\u0131k R\u0131za Formu"},"content":{"rendered":"\t\t<div data-elementor-type=\"wp-page\" data-elementor-id=\"20843\" class=\"elementor elementor-20843\">\n\t\t\t\t<div class=\"elementor-element elementor-element-b4c7aba e-con-full e-flex e-con e-parent\" data-id=\"b4c7aba\" data-element_type=\"container\" data-e-type=\"container\" data-settings=\"{&quot;background_background&quot;:&quot;gradient&quot;}\">\n\t\t<div class=\"elementor-element elementor-element-b97c571 e-con-full e-flex e-con e-child\" data-id=\"b97c571\" data-element_type=\"container\" data-e-type=\"container\" data-settings=\"{&quot;background_background&quot;:&quot;classic&quot;}\">\n\t\t\t\t<div class=\"elementor-element elementor-element-e4b849d elementor-widget elementor-widget-heading\" data-id=\"e4b849d\" data-element_type=\"widget\" data-e-type=\"widget\" data-widget_type=\"heading.default\">\n\t\t\t\t<div class=\"elementor-widget-container\">\n\t\t\t\t\t<h1 class=\"elementor-heading-title elementor-size-default\">\u00c7al\u0131\u015fan A\u00e7\u0131k R\u0131za Formu<\/h1>\t\t\t\t<\/div>\n\t\t\t\t<\/div>\n\t\t\t\t<\/div>\n\t\t\t\t<\/div>\n\t\t<div class=\"elementor-element elementor-element-1b69ff1 e-con-full e-flex e-con e-parent\" data-id=\"1b69ff1\" data-element_type=\"container\" data-e-type=\"container\">\n\t\t\t\t<div class=\"elementor-element elementor-element-d716157 elementor-widget elementor-widget-text-editor\" data-id=\"d716157\" data-element_type=\"widget\" data-e-type=\"widget\" data-widget_type=\"text-editor.default\">\n\t\t\t\t<div class=\"elementor-widget-container\">\n\t\t\t\t\t\t\t\t\t<p>6698 say\u0131l\u0131 Ki\u015fisel Verilerin Korunmas\u0131 Kanunu (\u201cKVKK\u201d) kapsam\u0131nda, Ones Bili\u015fim Teknolojileri Anonim \u015eirketi (\u201c\u015eirket\u201d) taraf\u0131ndan taraf\u0131ma sunulan <b>\u00c7al\u0131\u015fan Ayd\u0131nlatma Metnini<\/b> okudu\u011fumu ve anlad\u0131\u011f\u0131m\u0131, ki\u015fisel verilerimin i\u015flenmesine ili\u015fkin olarak a\u015fa\u011f\u0131daki hususlarda <strong>a\u00e7\u0131k r\u0131zam\u0131n bulundu\u011funu<\/strong> kabul ederim.<\/p>\n<p>Bu kapsamda;<\/p>\n<p>Kimlik, ileti\u015fim, \u00f6zl\u00fck, e\u011fitim, mesleki deneyim, sa\u011fl\u0131k verileri, g\u00f6rsel\/i\u015fitsel kay\u0131tlar, dijital kay\u0131tlar ve biyometrik verilerim dahil ancak bunlarla s\u0131n\u0131rl\u0131 olmamak \u00fczere \u00f6zel nitelikli ki\u015fisel verilerimin;<\/p>\n<ul>\n<li>Sanayi ve Teknoloji Bakanl\u0131\u011f\u0131 taraf\u0131ndan yetkilendirilen Ar-Ge Merkezi stat\u00fcm\u00fcz kapsam\u0131nda yap\u0131lmas\u0131 zorunlu <b>raporlamalar\u0131n <\/b>haz\u0131rlanmas\u0131,<\/li>\n<li><b>NATO Tesis G\u00fcvenlik<\/b> ve <b>Milli Tesis G\u00fcvenlik Belgesi<\/b> kapsam\u0131ndaki fiziksel alan g\u00fcvenli\u011finin sa\u011flanmas\u0131 ve ilgili y\u00fck\u00fcml\u00fcl\u00fcklerin yerine getirilmesi,<\/li>\n<li>\u015eirketin y\u00fcr\u00fctt\u00fc\u011f\u00fc <b>biyometrik kimlik do\u011frulama teknolojilerine<\/b> y\u00f6nelik <b>\u00fcr\u00fcn geli\u015ftirme, sistem testleri ve kalite kontrol faaliyetlerine kat\u0131l\u0131m\u0131m kapsam\u0131nda yaln\u0131zca ara\u015ft\u0131rma ve geli\u015ftirme amac\u0131yla<\/b> veri toplanmas\u0131 ve kullan\u0131lmas\u0131,<\/li>\n<\/ul>\n<p>ama\u00e7lar\u0131yla i\u015flenmesine, kaydedilmesine ve saklanmas\u0131na; yaln\u0131zca yukar\u0131da belirtilen y\u00fck\u00fcml\u00fcl\u00fcklerin gerektirdi\u011fi \u00f6l\u00e7\u00fcde yetkili kamu kurumlar\u0131 ve sertifika otoriteleriyle, ayr\u0131ca teknik gereklilikler do\u011frultusunda gerekli teknik hizmet sa\u011flay\u0131c\u0131larla s\u0131n\u0131rl\u0131 olmak \u00fczere payla\u015f\u0131lmas\u0131na <b>a\u00e7\u0131k r\u0131zamla onay veriyorum.<\/b><\/p>\n<p><strong>Ar-Ge faaliyetleri kapsam\u0131nda toplanan biyometrik verilerim, \u00fc\u00e7\u00fcnc\u00fc taraflara a\u00e7\u0131klanmamakta; yaln\u0131zca \u015eirket i\u00e7inde ara\u015ft\u0131rma ve geli\u015ftirme s\u00fcre\u00e7lerinde kullan\u0131lmaktad\u0131r.<\/strong><\/p>\n<p>Ayr\u0131ca bu r\u0131zam\u0131n, KVKK kapsam\u0131nda sahip oldu\u011fum ilgili ki\u015fi haklar\u0131n\u0131 kullanmama engel te\u015fkil etmedi\u011fini ve bu r\u0131zay\u0131 diledi\u011fim zaman geri alabilece\u011fimi bilmekteyim.<\/p>\n<table data-testid=\"renderer-table\" data-number-column=\"false\" data-table-width=\"1800\" data-layout=\"align-start\">\n<colgroup>\n<col>\n<col><\/colgroup>\n<tbody>\n<tr>\n<th colspan=\"1\" rowspan=\"1\" data-colwidth=\"474\">\n<p data-renderer-start-pos=\"1733\">Ad Soyad<\/p>\n<\/th>\n<td colspan=\"1\" rowspan=\"1\" data-colwidth=\"1324\">\n<p data-renderer-start-pos=\"1745\">\n<\/p><\/td>\n<\/tr>\n<tr>\n<th colspan=\"1\" rowspan=\"1\" data-colwidth=\"474\">\n<p data-renderer-start-pos=\"1751\">Tarih<\/p>\n<\/th>\n<td colspan=\"1\" rowspan=\"1\" data-colwidth=\"1324\">\n<p data-renderer-start-pos=\"1760\">\n<\/p><\/td>\n<\/tr>\n<tr>\n<th colspan=\"1\" rowspan=\"1\" data-colwidth=\"474\">\n<p data-renderer-start-pos=\"1766\">\u0130mza<\/p>\n<\/th>\n<td colspan=\"1\" rowspan=\"1\" data-colwidth=\"1324\">\n<p data-renderer-start-pos=\"1774\">\n<\/p><\/td>\n<\/tr>\n<\/tbody>\n<\/table>\t\t\t\t\t\t\t\t<\/div>\n\t\t\t\t<\/div>\n\t\t\t\t<\/div>\n\t\t\t\t<\/div>\n\t\t","protected":false},"excerpt":{"rendered":"<p>\u00c7al\u0131\u015fan A\u00e7\u0131k R\u0131za Formu 6698 say\u0131l\u0131 Ki\u015fisel Verilerin Korunmas\u0131 Kanunu (\u201cKVKK\u201d) kapsam\u0131nda, Ones Bili\u015fim Teknolojileri Anonim \u015eirketi (\u201c\u015eirket\u201d) taraf\u0131ndan taraf\u0131ma sunulan \u00c7al\u0131\u015fan Ayd\u0131nlatma Metnini okudu\u011fumu ve anlad\u0131\u011f\u0131m\u0131, ki\u015fisel verilerimin i\u015flenmesine ili\u015fkin olarak a\u015fa\u011f\u0131daki hususlarda a\u00e7\u0131k r\u0131zam\u0131n bulundu\u011funu kabul ederim. Bu kapsamda; Kimlik, ileti\u015fim, \u00f6zl\u00fck, e\u011fitim, mesleki deneyim, sa\u011fl\u0131k verileri, g\u00f6rsel\/i\u015fitsel kay\u0131tlar, dijital kay\u0131tlar ve biyometrik [&hellip;]<\/p>\n","protected":false},"author":2,"featured_media":0,"parent":20319,"menu_order":0,"comment_status":"closed","ping_status":"closed","template":"elementor_header_footer","meta":{"_acf_changed":false,"nf_dc_page":"","footnotes":""},"class_list":["post-20843","page","type-page","status-publish","hentry","no-post-thumbnail"],"acf":[],"_links":{"self":[{"href":"https:\/\/ones.com.tr\/tr\/wp-json\/wp\/v2\/pages\/20843","targetHints":{"allow":["GET"]}}],"collection":[{"href":"https:\/\/ones.com.tr\/tr\/wp-json\/wp\/v2\/pages"}],"about":[{"href":"https:\/\/ones.com.tr\/tr\/wp-json\/wp\/v2\/types\/page"}],"author":[{"embeddable":true,"href":"https:\/\/ones.com.tr\/tr\/wp-json\/wp\/v2\/users\/2"}],"replies":[{"embeddable":true,"href":"https:\/\/ones.com.tr\/tr\/wp-json\/wp\/v2\/comments?post=20843"}],"version-history":[{"count":15,"href":"https:\/\/ones.com.tr\/tr\/wp-json\/wp\/v2\/pages\/20843\/revisions"}],"predecessor-version":[{"id":21200,"href":"https:\/\/ones.com.tr\/tr\/wp-json\/wp\/v2\/pages\/20843\/revisions\/21200"}],"up":[{"embeddable":true,"href":"https:\/\/ones.com.tr\/tr\/wp-json\/wp\/v2\/pages\/20319"}],"wp:attachment":[{"href":"https:\/\/ones.com.tr\/tr\/wp-json\/wp\/v2\/media?parent=20843"}],"curies":[{"name":"wp","href":"https:\/\/api.w.org\/{rel}","templated":true}]}}