{"id":20319,"date":"2025-05-14T09:13:18","date_gmt":"2025-05-14T06:13:18","guid":{"rendered":"https:\/\/ones.com.tr\/?page_id=20319"},"modified":"2025-06-13T14:57:24","modified_gmt":"2025-06-13T11:57:24","slug":"kvkk","status":"publish","type":"page","link":"https:\/\/ones.com.tr\/tr\/kvkk\/","title":{"rendered":"KVVK"},"content":{"rendered":"\t\t<div data-elementor-type=\"wp-page\" data-elementor-id=\"20319\" class=\"elementor elementor-20319\">\n\t\t\t\t<div class=\"elementor-element elementor-element-2e1d0539 e-con-full e-flex e-con e-parent\" data-id=\"2e1d0539\" data-element_type=\"container\" data-e-type=\"container\" data-settings=\"{&quot;background_background&quot;:&quot;gradient&quot;}\">\n\t\t<div class=\"elementor-element elementor-element-3afd88c2 e-con-full e-flex e-con e-child\" data-id=\"3afd88c2\" data-element_type=\"container\" data-e-type=\"container\">\n\t\t\t\t<div class=\"elementor-element elementor-element-49865260 elementor-widget elementor-widget-heading\" data-id=\"49865260\" data-element_type=\"widget\" data-e-type=\"widget\" data-widget_type=\"heading.default\">\n\t\t\t\t<div class=\"elementor-widget-container\">\n\t\t\t\t\t<h2 class=\"elementor-heading-title elementor-size-default\">KVKK Prosed\u00fcrleri<\/h2>\t\t\t\t<\/div>\n\t\t\t\t<\/div>\n\t\t\t\t<\/div>\n\t\t\t\t<\/div>\n\t\t<div class=\"elementor-element elementor-element-3f2cef50 e-con-full e-flex e-con e-parent\" data-id=\"3f2cef50\" data-element_type=\"container\" data-e-type=\"container\">\n\t\t<div class=\"elementor-element elementor-element-6cfb998e e-flex e-con-boxed e-con e-child\" data-id=\"6cfb998e\" data-element_type=\"container\" data-e-type=\"container\">\n\t\t\t\t\t<div class=\"e-con-inner\">\n\t\t<a class=\"elementor-element elementor-element-3bedbe7c e-flex e-con-boxed e-con e-child\" data-id=\"3bedbe7c\" data-element_type=\"container\" data-e-type=\"container\" data-settings=\"{&quot;background_background&quot;:&quot;classic&quot;}\" href=\"https:\/\/ones.com.tr\/tr\/kvkk\/kisisel-verilerin-islenmesi-ve-korunmasi-politikasi\/\">\n\t\t\t\t\t<div class=\"e-con-inner\">\n\t\t\t\t<div class=\"elementor-element elementor-element-283dc652 elementor-widget elementor-widget-heading\" data-id=\"283dc652\" data-element_type=\"widget\" data-e-type=\"widget\" data-widget_type=\"heading.default\">\n\t\t\t\t<div class=\"elementor-widget-container\">\n\t\t\t\t\t<h2 class=\"elementor-heading-title elementor-size-default\">Ki\u015fisel Verilerin \u0130\u015flenmesi ve Korunmas\u0131 Prosed\u00fcr\u00fc<\/h2>\t\t\t\t<\/div>\n\t\t\t\t<\/div>\n\t\t\t\t\t<\/div>\n\t\t\t\t<\/a>\n\t\t<a class=\"elementor-element elementor-element-4726480 e-con-full e-flex e-con e-child\" data-id=\"4726480\" data-element_type=\"container\" data-e-type=\"container\" data-settings=\"{&quot;background_background&quot;:&quot;classic&quot;}\" href=\"https:\/\/ones.com.tr\/tr\/kvkk\/calisan-adayi-referansi-aydinlatma-metni\/\">\n\t\t\t\t<div class=\"elementor-element elementor-element-74b20c4 elementor-widget elementor-widget-heading\" data-id=\"74b20c4\" data-element_type=\"widget\" data-e-type=\"widget\" data-widget_type=\"heading.default\">\n\t\t\t\t<div class=\"elementor-widget-container\">\n\t\t\t\t\t<h2 class=\"elementor-heading-title elementor-size-default\">\u00c7al\u0131\u015fan Aday\u0131 Referans\u0131 Ayd\u0131nlatma Metni<\/h2>\t\t\t\t<\/div>\n\t\t\t\t<\/div>\n\t\t\t\t<\/a>\n\t\t<a class=\"elementor-element elementor-element-92e3b96 e-con-full e-flex e-con e-child\" data-id=\"92e3b96\" data-element_type=\"container\" data-e-type=\"container\" data-settings=\"{&quot;background_background&quot;:&quot;classic&quot;}\" href=\"https:\/\/ones.com.tr\/tr\/kvkk\/calisan-adayi-aydinlatma-metni\/\">\n\t\t\t\t<div class=\"elementor-element elementor-element-f333d46 elementor-widget elementor-widget-heading\" data-id=\"f333d46\" data-element_type=\"widget\" data-e-type=\"widget\" data-widget_type=\"heading.default\">\n\t\t\t\t<div class=\"elementor-widget-container\">\n\t\t\t\t\t<h2 class=\"elementor-heading-title elementor-size-default\">\u00c7al\u0131\u015fan Aday\u0131 Ayd\u0131nlatma Metni<\/h2>\t\t\t\t<\/div>\n\t\t\t\t<\/div>\n\t\t\t\t<\/a>\n\t\t\t\t\t<\/div>\n\t\t\t\t<\/div>\n\t\t<div class=\"elementor-element elementor-element-5ee32d0 e-flex e-con-boxed e-con e-child\" data-id=\"5ee32d0\" data-element_type=\"container\" data-e-type=\"container\">\n\t\t\t\t\t<div class=\"e-con-inner\">\n\t\t<a class=\"elementor-element elementor-element-92a82bc e-flex e-con-boxed e-con e-child\" data-id=\"92a82bc\" data-element_type=\"container\" data-e-type=\"container\" data-settings=\"{&quot;background_background&quot;:&quot;classic&quot;}\" href=\"https:\/\/ones.com.tr\/tr\/calisan-aydinlatma-metni\/\">\n\t\t\t\t\t<div class=\"e-con-inner\">\n\t\t\t\t<div class=\"elementor-element elementor-element-ffb97c6 elementor-widget elementor-widget-heading\" data-id=\"ffb97c6\" data-element_type=\"widget\" data-e-type=\"widget\" data-widget_type=\"heading.default\">\n\t\t\t\t<div class=\"elementor-widget-container\">\n\t\t\t\t\t<h2 class=\"elementor-heading-title elementor-size-default\">\u00c7al\u0131\u015fan Ayd\u0131nlatma Metni<\/h2>\t\t\t\t<\/div>\n\t\t\t\t<\/div>\n\t\t\t\t\t<\/div>\n\t\t\t\t<\/a>\n\t\t<a class=\"elementor-element elementor-element-eb5d930 e-con-full e-flex e-con e-child\" data-id=\"eb5d930\" data-element_type=\"container\" data-e-type=\"container\" data-settings=\"{&quot;background_background&quot;:&quot;classic&quot;}\" href=\"https:\/\/ones.com.tr\/tr\/kvkk\/musteri-aydinlatma-metni\/\">\n\t\t\t\t<div class=\"elementor-element elementor-element-94dbf10 elementor-widget elementor-widget-heading\" data-id=\"94dbf10\" data-element_type=\"widget\" data-e-type=\"widget\" data-widget_type=\"heading.default\">\n\t\t\t\t<div class=\"elementor-widget-container\">\n\t\t\t\t\t<h2 class=\"elementor-heading-title elementor-size-default\">M\u00fc\u015fteri Ayd\u0131nlatma Metni<\/h2>\t\t\t\t<\/div>\n\t\t\t\t<\/div>\n\t\t\t\t<\/a>\n\t\t<a class=\"elementor-element elementor-element-dc2eff4 e-con-full e-flex e-con e-child\" data-id=\"dc2eff4\" data-element_type=\"container\" data-e-type=\"container\" data-settings=\"{&quot;background_background&quot;:&quot;classic&quot;}\" href=\"https:\/\/ones.com.tr\/tr\/kvkk\/internet-sitesi-cerezleri-aydinlatma-metni\/\">\n\t\t\t\t<div class=\"elementor-element elementor-element-a8e641c elementor-widget elementor-widget-heading\" data-id=\"a8e641c\" data-element_type=\"widget\" data-e-type=\"widget\" data-widget_type=\"heading.default\">\n\t\t\t\t<div class=\"elementor-widget-container\">\n\t\t\t\t\t<h2 class=\"elementor-heading-title elementor-size-default\">\u0130nternet Sitesi \u00c7erezleri Ayd\u0131nlatma Metni<\/h2>\t\t\t\t<\/div>\n\t\t\t\t<\/div>\n\t\t\t\t<\/a>\n\t\t\t\t\t<\/div>\n\t\t\t\t<\/div>\n\t\t<div class=\"elementor-element elementor-element-94c7e0d e-flex e-con-boxed e-con e-child\" data-id=\"94c7e0d\" data-element_type=\"container\" data-e-type=\"container\">\n\t\t\t\t\t<div class=\"e-con-inner\">\n\t\t<a class=\"elementor-element elementor-element-afad530 e-flex e-con-boxed e-con e-child\" data-id=\"afad530\" data-element_type=\"container\" data-e-type=\"container\" data-settings=\"{&quot;background_background&quot;:&quot;classic&quot;}\" href=\"https:\/\/ones.com.tr\/tr\/kvkk\/kamera-sistemleri-aydinlatma-metni\/\">\n\t\t\t\t\t<div class=\"e-con-inner\">\n\t\t\t\t<div class=\"elementor-element elementor-element-ea9001a elementor-widget elementor-widget-heading\" data-id=\"ea9001a\" data-element_type=\"widget\" data-e-type=\"widget\" data-widget_type=\"heading.default\">\n\t\t\t\t<div class=\"elementor-widget-container\">\n\t\t\t\t\t<h2 class=\"elementor-heading-title elementor-size-default\">Kamera Sistemleri Ayd\u0131nlatma Metni<\/h2>\t\t\t\t<\/div>\n\t\t\t\t<\/div>\n\t\t\t\t\t<\/div>\n\t\t\t\t<\/a>\n\t\t<a class=\"elementor-element elementor-element-27ef0af e-con-full e-flex e-con e-child\" data-id=\"27ef0af\" data-element_type=\"container\" data-e-type=\"container\" data-settings=\"{&quot;background_background&quot;:&quot;classic&quot;}\" href=\"https:\/\/ones.com.tr\/tr\/kvkk\/calisan-acik-riza-formu\/\">\n\t\t\t\t<div class=\"elementor-element elementor-element-882639b elementor-widget elementor-widget-heading\" data-id=\"882639b\" data-element_type=\"widget\" data-e-type=\"widget\" data-widget_type=\"heading.default\">\n\t\t\t\t<div class=\"elementor-widget-container\">\n\t\t\t\t\t<h2 class=\"elementor-heading-title elementor-size-default\">\u00c7al\u0131\u015fan A\u00e7\u0131k R\u0131za Formu<\/h2>\t\t\t\t<\/div>\n\t\t\t\t<\/div>\n\t\t\t\t<\/a>\n\t\t<a class=\"elementor-element elementor-element-686f755 e-con-full e-flex e-con e-child\" data-id=\"686f755\" data-element_type=\"container\" data-e-type=\"container\" data-settings=\"{&quot;background_background&quot;:&quot;classic&quot;}\" href=\"https:\/\/ones.com.tr\/tr\/kvkk\/musteri-acik-riza-formu\/\">\n\t\t\t\t<div class=\"elementor-element elementor-element-cb48d3d elementor-widget elementor-widget-heading\" data-id=\"cb48d3d\" data-element_type=\"widget\" data-e-type=\"widget\" data-widget_type=\"heading.default\">\n\t\t\t\t<div class=\"elementor-widget-container\">\n\t\t\t\t\t<h2 class=\"elementor-heading-title elementor-size-default\">M\u00fc\u015fteri A\u00e7\u0131k R\u0131za Formu<\/h2>\t\t\t\t<\/div>\n\t\t\t\t<\/div>\n\t\t\t\t<\/a>\n\t\t\t\t\t<\/div>\n\t\t\t\t<\/div>\n\t\t\t\t<\/div>\n\t\t\t\t<\/div>\n\t\t","protected":false},"excerpt":{"rendered":"<p>KVKK Prosed\u00fcrleri Ki\u015fisel Verilerin \u0130\u015flenmesi ve Korunmas\u0131 Prosed\u00fcr\u00fc \u00c7al\u0131\u015fan Aday\u0131 Referans\u0131 Ayd\u0131nlatma Metni \u00c7al\u0131\u015fan Aday\u0131 Ayd\u0131nlatma Metni \u00c7al\u0131\u015fan Ayd\u0131nlatma Metni M\u00fc\u015fteri Ayd\u0131nlatma Metni \u0130nternet Sitesi \u00c7erezleri Ayd\u0131nlatma Metni Kamera Sistemleri Ayd\u0131nlatma Metni \u00c7al\u0131\u015fan A\u00e7\u0131k R\u0131za Formu M\u00fc\u015fteri A\u00e7\u0131k R\u0131za Formu<\/p>\n","protected":false},"author":2,"featured_media":0,"parent":0,"menu_order":0,"comment_status":"closed","ping_status":"closed","template":"elementor_header_footer","meta":{"_acf_changed":false,"nf_dc_page":"","footnotes":""},"class_list":["post-20319","page","type-page","status-publish","hentry","no-post-thumbnail"],"acf":[],"_links":{"self":[{"href":"https:\/\/ones.com.tr\/tr\/wp-json\/wp\/v2\/pages\/20319","targetHints":{"allow":["GET"]}}],"collection":[{"href":"https:\/\/ones.com.tr\/tr\/wp-json\/wp\/v2\/pages"}],"about":[{"href":"https:\/\/ones.com.tr\/tr\/wp-json\/wp\/v2\/types\/page"}],"author":[{"embeddable":true,"href":"https:\/\/ones.com.tr\/tr\/wp-json\/wp\/v2\/users\/2"}],"replies":[{"embeddable":true,"href":"https:\/\/ones.com.tr\/tr\/wp-json\/wp\/v2\/comments?post=20319"}],"version-history":[{"count":16,"href":"https:\/\/ones.com.tr\/tr\/wp-json\/wp\/v2\/pages\/20319\/revisions"}],"predecessor-version":[{"id":20936,"href":"https:\/\/ones.com.tr\/tr\/wp-json\/wp\/v2\/pages\/20319\/revisions\/20936"}],"wp:attachment":[{"href":"https:\/\/ones.com.tr\/tr\/wp-json\/wp\/v2\/media?parent=20319"}],"curies":[{"name":"wp","href":"https:\/\/api.w.org\/{rel}","templated":true}]}}